{"id":18104,"date":"2023-10-24T22:57:47","date_gmt":"2023-10-24T22:57:47","guid":{"rendered":"https:\/\/joykajewelry.com\/product-care-repair\/"},"modified":"2023-10-28T14:01:43","modified_gmt":"2023-10-28T14:01:43","slug":"urun-bakimi-ve-onarimi","status":"publish","type":"page","link":"https:\/\/joykajewelry.com\/tr\/urun-bakimi-ve-onarimi\/","title":{"rendered":"\u00dcr\u00fcn Bak\u0131m\u0131 ve Onar\u0131m\u0131"},"content":{"rendered":"\t\t<div data-elementor-type=\"wp-page\" data-elementor-id=\"18104\" class=\"elementor elementor-18104 elementor-15794\" data-elementor-post-type=\"page\">\n\t\t\t\t\t\t\t\t\t<section class=\"wd-negative-gap elementor-section elementor-top-section elementor-element elementor-element-51caf06 elementor-section-boxed elementor-section-height-default elementor-section-height-default\" data-id=\"51caf06\" data-element_type=\"section\">\n\t\t\t\t\t\t<div class=\"elementor-container elementor-column-gap-default\">\n\t\t\t\t\t<div class=\"elementor-column elementor-col-100 elementor-top-column elementor-element elementor-element-b5b7502\" data-id=\"b5b7502\" data-element_type=\"column\">\n\t\t\t<div class=\"elementor-widget-wrap elementor-element-populated\">\n\t\t\t\t\t\t\t\t<div class=\"elementor-element elementor-element-64fbee1 color-scheme-inherit text-left elementor-widget elementor-widget-text-editor\" data-id=\"64fbee1\" data-element_type=\"widget\" data-widget_type=\"text-editor.default\">\n\t\t\t\t<div class=\"elementor-widget-container\">\n\t\t\t<style>\/*! elementor - v3.18.0 - 08-12-2023 *\/\n.elementor-widget-text-editor.elementor-drop-cap-view-stacked .elementor-drop-cap{background-color:#69727d;color:#fff}.elementor-widget-text-editor.elementor-drop-cap-view-framed .elementor-drop-cap{color:#69727d;border:3px solid;background-color:transparent}.elementor-widget-text-editor:not(.elementor-drop-cap-view-default) .elementor-drop-cap{margin-top:8px}.elementor-widget-text-editor:not(.elementor-drop-cap-view-default) .elementor-drop-cap-letter{width:1em;height:1em}.elementor-widget-text-editor .elementor-drop-cap{float:left;text-align:center;line-height:1;font-size:50px}.elementor-widget-text-editor .elementor-drop-cap-letter{display:inline-block}<\/style>\t\t\t\t<p><b>Caring for your jewelry<\/b><\/p><ul><li aria-level=\"1\">The chemicals used can darken your jewellery. Finish your hair and makeup before putting on your jewelry.\u00a0<\/li><li aria-level=\"1\">Taking off your jewelry while swimming or getting shower will prevent tarnishing and wear.<\/li><li aria-level=\"1\">Remove your jewelry before starting physical exercise and household chores. Sweating can damage your jewelry.<\/li><li aria-level=\"1\">Your jewelry should not be exposed to direct sunlight. Avoiding extremely hot and humid environments will extend their lifespan.<\/li><li aria-level=\"1\">Your jewelry should be the last thing you put on and the first thing you take off.<\/li><\/ul><p><b>Materials:<\/b><\/p><ul><li aria-level=\"1\"><b>Two bowls<\/b><\/li><\/ul><ul><li aria-level=\"1\"><b>Half a lemon or dish soap<\/b><\/li><\/ul><ul><li aria-level=\"1\"><b>Soft toothbrush<\/b><\/li><\/ul><ul><li aria-level=\"1\"><b>Hair dryer<\/b><\/li><\/ul><ul><li aria-level=\"1\"><b>Jewelry polishing cloth<\/b><\/li><\/ul><p>\u00a0<\/p><p><b>Instructions<\/b><\/p><p>\u00a0<\/p><p><b>1) Add warm water to one bowl and room temperature to the other. We will use one for cleaning and the other for rinsing.<\/b><\/p><p><b>2) Add lemon juice or dishwashing liquid to your bowl of warm water.<\/b><\/p><p><b>3) Put your jewelry in your bowl of warm water. Brush in water for 30-60 seconds with a soft toothbrush.<\/b><\/p><p><b>4) Take off your jewelry and put it in warm water to rinse.<\/b><\/p><p><b>5) After waiting for 15-20 seconds, take it out and dry it with a paper towel.<\/b><\/p><p><b>6) You can use the hair dryer in cold-warm mode to dry your jewelry better.<\/b><\/p><p><b>7) Polish your jewelry with your jewelry polishing cloth.<\/b><\/p><p><b>8) Admire your clean and shiny jewellery.<\/b><\/p><p>\u00a0<\/p><p><b>All jewelry requires care and attention, use a quality jewelry polishing cloth suitable for bronze, silver and gold jewelry to keep your jewelry looking shiny and great.<\/b><\/p>\t\t\t\t\t\t<\/div>\n\t\t\t\t<\/div>\n\t\t\t\t\t<\/div>\n\t\t<\/div>\n\t\t\t\t\t\t\t<\/div>\n\t\t<\/section>\n\t\t\t\t\t\t\t<\/div>\n\t\t","protected":false},"excerpt":{"rendered":"<p>Caring for your jewelry The chemicals used can darken your jewellery. Finish your hair and makeup before putting on your<\/p>\n","protected":false},"author":1,"featured_media":0,"parent":0,"menu_order":0,"comment_status":"closed","ping_status":"closed","template":"","meta":{"footnotes":""},"class_list":["post-18104","page","type-page","status-publish","hentry"],"jetpack_sharing_enabled":true,"_links":{"self":[{"href":"https:\/\/joykajewelry.com\/tr\/wp-json\/wp\/v2\/pages\/18104","targetHints":{"allow":["GET"]}}],"collection":[{"href":"https:\/\/joykajewelry.com\/tr\/wp-json\/wp\/v2\/pages"}],"about":[{"href":"https:\/\/joykajewelry.com\/tr\/wp-json\/wp\/v2\/types\/page"}],"author":[{"embeddable":true,"href":"https:\/\/joykajewelry.com\/tr\/wp-json\/wp\/v2\/users\/1"}],"replies":[{"embeddable":true,"href":"https:\/\/joykajewelry.com\/tr\/wp-json\/wp\/v2\/comments?post=18104"}],"version-history":[{"count":1,"href":"https:\/\/joykajewelry.com\/tr\/wp-json\/wp\/v2\/pages\/18104\/revisions"}],"predecessor-version":[{"id":21018,"href":"https:\/\/joykajewelry.com\/tr\/wp-json\/wp\/v2\/pages\/18104\/revisions\/21018"}],"wp:attachment":[{"href":"https:\/\/joykajewelry.com\/tr\/wp-json\/wp\/v2\/media?parent=18104"}],"curies":[{"name":"wp","href":"https:\/\/api.w.org\/{rel}","templated":true}]}}