{"id":18109,"date":"2023-10-17T10:05:24","date_gmt":"2023-10-17T10:05:24","guid":{"rendered":"https:\/\/joykajewelry.com\/privacy-policy\/"},"modified":"2023-10-28T13:58:39","modified_gmt":"2023-10-28T13:58:39","slug":"gizlilik-politikasi","status":"publish","type":"page","link":"https:\/\/joykajewelry.com\/tr\/gizlilik-politikasi\/","title":{"rendered":"Gizlilik Politikas\u0131"},"content":{"rendered":"\t\t<div data-elementor-type=\"wp-page\" data-elementor-id=\"18109\" class=\"elementor elementor-18109 elementor-3\" data-elementor-post-type=\"page\">\n\t\t\t\t\t\t\t\t\t<section class=\"wd-negative-gap elementor-section elementor-top-section elementor-element elementor-element-7cc03d49 elementor-section-boxed elementor-section-height-default elementor-section-height-default\" data-id=\"7cc03d49\" data-element_type=\"section\">\n\t\t\t\t\t\t<div class=\"elementor-container elementor-column-gap-default\">\n\t\t\t\t\t<div class=\"elementor-column elementor-col-100 elementor-top-column elementor-element elementor-element-7a8e8fa\" data-id=\"7a8e8fa\" data-element_type=\"column\">\n\t\t\t<div class=\"elementor-widget-wrap elementor-element-populated\">\n\t\t\t\t\t\t\t\t<div class=\"elementor-element elementor-element-4002cfb elementor-widget elementor-widget-heading\" data-id=\"4002cfb\" data-element_type=\"widget\" data-widget_type=\"heading.default\">\n\t\t\t\t<div class=\"elementor-widget-container\">\n\t\t\t<style>\/*! elementor - v3.18.0 - 08-12-2023 *\/\n.elementor-heading-title{padding:0;margin:0;line-height:1}.elementor-widget-heading .elementor-heading-title[class*=elementor-size-]>a{color:inherit;font-size:inherit;line-height:inherit}.elementor-widget-heading .elementor-heading-title.elementor-size-small{font-size:15px}.elementor-widget-heading .elementor-heading-title.elementor-size-medium{font-size:19px}.elementor-widget-heading .elementor-heading-title.elementor-size-large{font-size:29px}.elementor-widget-heading .elementor-heading-title.elementor-size-xl{font-size:39px}.elementor-widget-heading .elementor-heading-title.elementor-size-xxl{font-size:59px}<\/style><h2 class=\"elementor-heading-title elementor-size-default\">Gizlilik Politikas\u0131<\/h2>\t\t<\/div>\n\t\t\t\t<\/div>\n\t\t\t\t<div class=\"elementor-element elementor-element-039116b color-scheme-inherit text-left elementor-widget elementor-widget-text-editor\" data-id=\"039116b\" data-element_type=\"widget\" data-widget_type=\"text-editor.default\">\n\t\t\t\t<div class=\"elementor-widget-container\">\n\t\t\t<style>\/*! elementor - v3.18.0 - 08-12-2023 *\/\n.elementor-widget-text-editor.elementor-drop-cap-view-stacked .elementor-drop-cap{background-color:#69727d;color:#fff}.elementor-widget-text-editor.elementor-drop-cap-view-framed .elementor-drop-cap{color:#69727d;border:3px solid;background-color:transparent}.elementor-widget-text-editor:not(.elementor-drop-cap-view-default) .elementor-drop-cap{margin-top:8px}.elementor-widget-text-editor:not(.elementor-drop-cap-view-default) .elementor-drop-cap-letter{width:1em;height:1em}.elementor-widget-text-editor .elementor-drop-cap{float:left;text-align:center;line-height:1;font-size:50px}.elementor-widget-text-editor .elementor-drop-cap-letter{display:inline-block}<\/style>\t\t\t\t<p>G\u0130ZL\u0130L\u0130K VE G\u00dcVENL\u0130K<\/p>\r\n<p>K\u0130\u015e\u0130SEL VER\u0130LER\u0130N KORUNMASI HAKKINDA A\u00c7IKLAMA VE G\u0130ZL\u0130L\u0130K POL\u0130T\u0130KASI<\/p>\r\n<p>De\u011ferli Ziyaret\u00e7ilerimiz, M\u00fc\u015fterilerimiz ve \u00dcyelerimiz,<\/p>\r\n<p>Joyka Jewelry, ziyaret\u00e7ilerinin, m\u00fc\u015fterilerinin ve \u00fcyelerinin ki\u015fisel verilerine ve bundan do\u011fan haklar\u0131na b\u00fcy\u00fck \u00f6nem vermektedir.<\/p>\r\n<p>Bu sebeple, Ki\u015fisel verilerinizin i\u015flenmesi ile ilgili uygulamalar\u0131m\u0131z ve 6698 say\u0131l\u0131 Ki\u015fisel Verilerin Korunmas\u0131 Kanunu (\u201c6698 say\u0131l\u0131 Kanun\u201d) m. 10\u2019dan do\u011fan ayd\u0131nlatma y\u00fck\u00fcml\u00fcl\u00fc\u011f\u00fcn\u00fc yerine getirmek amac\u0131yla a\u015fa\u011f\u0131daki a\u00e7\u0131klamalar\u0131 ziyaret\u00e7ilerimiz, m\u00fc\u015fterilerimizin, \u00fcyelerimizin ve 3. ki\u015filerin dikkatine sunar\u0131z.<\/p>\r\n<p>Joyka Jewelry, i\u015fbu Ki\u015fisel Verilerin Korunmas\u0131 Hakk\u0131nda A\u00e7\u0131klama Metnini y\u00fcr\u00fcrl\u00fckteki mevzuatta yap\u0131labilecek de\u011fi\u015fiklikler \u00e7er\u00e7evesinde her zaman g\u00fcncelleme hakk\u0131n\u0131 sakl\u0131 tutar.<br \/>Bu metinde:<\/p>\r\n<ul>\r\n<li>www.joykajewelry internet sitesini (\u201cSite\u201d) kullanarak Site\u2019yi ziyaret etmeniz, Site\u2019den al\u0131\u015fveri\u015f yapman\u0131z veya Site\u2019ye \u00fcye olman\u0131z (\u201cSite \u00dcyesi\u201d),<\/li>\r\n<li>Sipari\u015f hatt\u0131m\u0131z\u0131 (whatsapp, instagram vs.) kullanarak al\u0131\u015fveri\u015f yapman\u0131z,<\/li>\r\n<li>Ticari ileti\u015fim kanallar\u0131 ile genel ve\/veya ki\u015fiye \u00f6zel kampanya bilgilendirmeleri yap\u0131lmas\u0131n\u0131 kabul etmeniz,<\/li>\r\n<\/ul>\r\n<p>Halinde ki\u015fisel verilerinizin kullan\u0131m\u0131na ili\u015fkin ayd\u0131nlatma metni, a\u00e7\u0131k r\u0131za vermek istemeniz halinde verece\u011finiz a\u00e7\u0131k r\u0131za beyanlar\u0131 ve Site veya mobil uygulamam\u0131z\u0131 ziyaret etmeniz halinde kullan\u0131lan \u00e7erezlere ili\u015fkin bilgilerin yer ald\u0131\u011f\u0131 \u00e7erez politikam\u0131z yer almaktad\u0131r.<\/p>\r\n<p>Sizler taraf\u0131ndan verilen ve taraflar\u0131ndan edinilen bilgilerin ve i\u015flemlerinin g\u00fcvenli\u011fi i\u00e7in gerekli \u00f6nlemler, bilgi ve i\u015flemin mahiyetine g\u00f6re \u015eirketimiz veya ilgili kurulu\u015fca sistemlerde, teknolojik imkanlar ve maliyet unsurlar\u0131 dahilinde, uygun teknik ve idari y\u00f6ntemler ile al\u0131nm\u0131\u015ft\u0131r.<\/p>\r\n<p>1)\u00a0Ayd\u0131nlatma Metni<\/p>\r\n<p>Joyka Jewelry\u2019nin ki\u015fisel verileri toplamas\u0131n\u0131n yasal dayana\u011f\u0131 nedir?<\/p>\r\n<p>6698 say\u0131l\u0131 Ki\u015fisel Verilerin Korunmas\u0131 Kanunu, 6563 Say\u0131l\u0131 Elektronik Ticaretin D\u00fczenlenmesi Hakk\u0131nda Kanun, 6502 say\u0131l\u0131 T\u00fcketicinin Korunmas\u0131 Hakk\u0131nda Kanun, Elektronik Ticarette Hizmet Sa\u011flay\u0131c\u0131 ve Arac\u0131 Hizmet Sa\u011flay\u0131c\u0131lar Hakk\u0131nda Y\u00f6netmelik ve Ticari \u0130leti\u015fim ve Ticari Elektronik \u0130letiler Hakk\u0131nda Y\u00f6netmelik, ki\u015fisel verilerin i\u015flenmesi ya da korunmas\u0131 ile ilgili h\u00fck\u00fcmler i\u00e7ermektedir. 5237 Say\u0131l\u0131 T\u00fcrk Ceza Kanunu ise, ki\u015fisel verilerin i\u015flenmesi ve gizlili\u011fi ile ilgili birtak\u0131m yapt\u0131r\u0131mlar \u00f6ng\u00f6rm\u00fc\u015ft\u00fcr.<\/p>\r\n<p>Joyka Jewelry olarak, 6502 say\u0131l\u0131 T\u00fcketicinin Korunmas\u0131 Hakk\u0131nda Kanun ve Mesafeli S\u00f6zle\u015fmeler Y\u00f6netmeli\u011fi \u00e7er\u00e7evesinde sizlerle kuraca\u011f\u0131m\u0131z s\u00f6zle\u015fmelerden do\u011fan y\u00fck\u00fcml\u00fcl\u00fcklerimizi yerine getirebilmek ve en iyi hizmeti verebilmek amac\u0131yla siz ziyaret\u00e7ilerimiz, m\u00fc\u015fterilerimiz ve \u00fcyelerimizin ki\u015fisel verilerinin i\u015flenmesine ihtiya\u00e7 duymaktay\u0131z.<\/p>\r\n<p>Hangi ki\u015fisel verileriniz i\u015fleniyor?<\/p>\r\n<ul>\r\n<li>Lokasyon bilgileriniz<\/li>\r\n<li>Kimlik bilgileriniz (ad, soyad)<\/li>\r\n<li>Adresiniz,<\/li>\r\n<li>\u0130leti\u015fim bilgileriniz (telefon numaras\u0131, e-posta adresi)<\/li>\r\n<li>Al\u0131\u015fveri\u015f Bilgisi (al\u0131\u015fveri\u015f tarihi, zaman\u0131, miktar\u0131, al\u0131\u015fveri\u015f i\u00e7eri\u011fi, \u00f6deme \u015fekli (kredi kart\u0131, nakit) \u00a0ve \u00f6deme detaylar\u0131),<\/li>\r\n<li>Al\u0131\u015fveri\u015finizi kredi kart\u0131 ile yapman\u0131z halinde Kredi kart\u0131 bilgileriniz,\u00a0<\/li>\r\n<li>Faturada bulunmas\u0131n\u0131 istemeniz haline (TC kimlik numaras\u0131, vergi numaras\u0131, \u015fah\u0131s \u015firketi bilgileri)<\/li>\r\n<li>Pazarlamaya esas bilgileriniz (Do\u011fum tarihi, cinsiyet bilgisi, Site kullan\u0131mlar\u0131, al\u0131\u015fveri\u015f al\u0131\u015fkanl\u0131klar\u0131, adres, demografik \u00fcye\/kullan\u0131c\u0131\/m\u00fc\u015fteri bilgileri, her t\u00fcrl\u00fc \u00fcr\u00fcne ve hizmete ili\u015fkin al\u0131\u015fveri\u015f al\u0131\u015fkanl\u0131\u011f\u0131-tercihler, yararlan\u0131lan kampanya, , anket vb.leri ile i\u00e7erikleri, fatura i\u00e7erikleri, \u00f6deme y\u00f6ntemleri (nakit, kredi kart\u0131 vs.) ve \u00f6deme detaylar\u0131 (taksit miktar\u0131 vs.) , eski ve yeni cep\/ev\/i\u015f telefon\/faks numaralar\u0131, mail adresleri, elektronik ticari ve sair ileti\u015fimlere yakla\u015f\u0131m-aksiyonlar, tan\u0131mlama bilgileri (\u00e7erez, web taray\u0131c\u0131 i\u015faretleri-bilgisi, IP, beacon, kablolu-kablosuz a\u011f ba\u011flant\u0131 bilgisi vb), reklam tan\u0131t\u0131c\u0131s\u0131 bilgileri,)<\/li>\r\n<\/ul>\r\n<p>Ki\u015fisel verileriniz hangi ama\u00e7larla kullan\u0131yor?<\/p>\r\n<p>Bilgilerinizi payla\u015fman\u0131z sizlere \u00fcr\u00fcn ve hizmetleri gerekti\u011fi \u015fekilde sunabilmemize, daha duyarl\u0131 hizmet vermemize ve internet sitelerimizi iyile\u015ftirmemize imkan tan\u0131yacakt\u0131r. Bizimle payla\u015ft\u0131\u011f\u0131n\u0131z veya otomatik olarak sizden toplad\u0131\u011f\u0131m\u0131z verileriniz a\u015fa\u011f\u0131da say\u0131lanlarla s\u0131n\u0131rl\u0131 olmamak \u00fczere;<\/p>\r\n<ul>\r\n<li>Ziyaret\u00e7ilerimize, M\u00fc\u015fterilerimize ve \u00dcyelerimize, ki\u015fiselle\u015ftirilmi\u015f hizmetler sunmak ve kullan\u0131c\u0131 tecr\u00fcbesini daha kaliteli hale getirerek kullan\u0131c\u0131 memnuniyetini artt\u0131rmak,<\/li>\r\n<li>Ziyaret\u00e7ilerimizin, M\u00fc\u015fterilerimizin ve \u00dcyelerimizin, bize izin verdi\u011fi \u00f6l\u00e7\u00fcde onlarla ileti\u015fime ge\u00e7mek, hizmet ve kampanyalar\u0131m\u0131zdan haberdar etmek,<\/li>\r\n<li>Joyka Jewelry web sitesi teknik a\u00e7\u0131dan fonksiyonlar\u0131n\u0131 izlemek ve gerekti\u011fi gibi \u00e7al\u0131\u015fmas\u0131n\u0131 sa\u011flamak,<\/li>\r\n<li>Ziyaret\u00e7ilerimizin, M\u00fc\u015fterilerimizin ve \u00dcyelerimizin Joyka Jewelry web sitesinden \u00fccretsiz olarak yararlanmas\u0131n\u0131 s\u00fcrd\u00fcrebilmesi i\u00e7in reklam sat\u0131\u015f ama\u00e7lar\u0131 ile kullanmak,<\/li>\r\n<li>Size yay\u0131nlar\u0131m\u0131z\u0131 g\u00f6ndermek,<\/li>\r\n<li>Elektronik posta ile b\u00fclten g\u00f6ndermek ya da bildirimlerde bulunmak,<\/li>\r\n<li>Sorular\u0131n\u0131z\u0131 cevaplamak ve etkin bir m\u00fc\u015fteri hizmeti sunmak,<\/li>\r\n<li>Size yeni hizmetlerimiz hakk\u0131nda bilgi vermek,<\/li>\r\n<li>Joyka Jewelry web sitesi veya i\u015f birli\u011fi i\u00e7inde oldu\u011fu ki\u015filer taraf\u0131ndan do\u011frudan pazarlama yapmak,<\/li>\r\n<li>Ziyaret\u00e7ilerimizin, M\u00fc\u015fterilerimizin\u00a0 ve \u00dcyelerimizin kimli\u011fini if\u015fa etmeden \u00e7e\u015fitli istatistiksel de\u011ferlendirmeler, veri taban\u0131 olu\u015fturma ve pazar ara\u015ft\u0131rmalar\u0131nda kullanmak,<\/li>\r\n<li>Sistemle ilgili sorunlar\u0131n tan\u0131mlanmas\u0131 ve Joyka Jewelry web sitesi i\u00e7erisinde \u00e7\u0131kabilecek sorunlar\u0131 ivedilikle gidermek,<\/li>\r\n<li>Ziyaret\u00e7ilerimizin, M\u00fc\u015fterilerimizin ve \u00dcyelerimizin tecr\u00fcbesini analiz ederek hizmetlerimizi geli\u015ftirmek ve iyile\u015ftirmek, i\u00e7erik ve \u00fcr\u00fcn \u00e7e\u015fitlili\u011fini artt\u0131rmak,<\/li>\r\n<li>Sizinle hizmetlerimiz ile ilgili bu kapsamda ileti\u015fim kurmak (anl\u0131k mesaj, elektronik posta, sair \u00e7evrimi\u00e7i ve \u00e7evrimd\u0131\u015f\u0131 mesaj\/anl\u0131k bildirimler (push notifications)), tercih ve be\u011fenileriniz do\u011frultusunda size se\u00e7enekler sunmak, gerekli g\u00f6r\u00fclmesi halinde, teknik altyap\u0131 problemleri ile kar\u015f\u0131la\u015fman\u0131z durumunda sizlere teknik destek vermek, izledi\u011finiz \u00fcr\u00fcnler ile ilgili g\u00fcncel geli\u015fmeleri ve \u00fcr\u00fcn \u00f6nerilerini sizinle payla\u015fmak;<\/li>\r\n<li>\u00dcr\u00fcn ve hizmetlerimiz ile ilgili teknik ve hukuki tedbirleri almak (\u00f6rne\u011fin hukuka ayk\u0131r\u0131 i\u00e7erik payla\u015f\u0131lmas\u0131n\u0131 \u00f6nlemek)<\/li>\r\n<li>E\u011fer sundu\u011fumuz hizmetleri mobil cihaz\u0131n\u0131zdan \u00fczerinden kullan\u0131yorsan\u0131z co\u011frafi konum bilgilerinizi payla\u015fman\u0131z sizden istenebilir. B\u00f6ylelikle hizmetlerimizi kendi dijital platformlar\u0131m\u0131zla veya \u00fc\u00e7\u00fcnc\u00fc ki\u015filer ile i\u015f birli\u011fi yapt\u0131\u011f\u0131m\u0131z hallerde bu platformlarda da konum bilgilerinizi ki\u015fiselle\u015ftirmek ve co\u011frafi konumunuza (geolocation) ait bilgileri payla\u015ft\u0131\u011f\u0131n\u0131z durumlarda, bulundu\u011funuz b\u00f6lge veya \u00fclkeye g\u00f6re size i\u00e7erik veya i\u00e7erikle ilgili ba\u011flant\u0131l\u0131 reklam ve hizmetler sunmak, ihtiya\u00e7lar\u0131n\u0131za h\u0131zl\u0131 cevap vermek ve \u00e7\u00f6z\u00fcm \u00f6nerileri \u00fcretmek,<\/li>\r\n<li>Ziyaret\u00e7ilerimizin, M\u00fc\u015fterilerimizin ve \u00dcyelerimizin Joyka Jewelry web sitelerinden \u00fccretsiz olarak yararlanmas\u0131n\u0131 s\u00fcrd\u00fcr\u00fclebilmesi i\u00e7in reklam sat\u0131\u015f\u0131 ama\u00e7lar\u0131yla kullan\u0131lmaktad\u0131r<\/li>\r\n<\/ul>\r\n<p>Ki\u015fisel verilerinizi toplamam\u0131zdaki hukuki sebebimiz nedir?<br \/>Joyka Jewelry olarak ki\u015fisel verilerinizi ; Site , telefon sipari\u015f hatt\u0131 ya da bu web sitesi ile do\u011frudan sat\u0131\u015f i\u015flemi ger\u00e7ekle\u015ftirilebilen joykajewelry instagram kullan\u0131c\u0131 ad\u0131 ve joykajewelry kullan\u0131c\u0131 ad\u0131 ile Facebook.com hesaplar\u0131 \u00fczerinden yapt\u0131\u011f\u0131n\u0131z al\u0131\u015fveri\u015flerin veya \u00fcyelik i\u015flemlerine ili\u015fkin payla\u015ft\u0131\u011f\u0131n\u0131z bilgilerin sistemlerimize kaydedilmesi, sabit-mobil nitelikli internet ve ileti\u015fim cihazlar\u0131n\u0131z\u0131n muhtelif ortamlarda ve yerde kullan\u0131mlar\u0131ndan olu\u015fan\/edinilen verilerin sistemlerimize kaydedilmesi, Site , Telefon Sipari\u015f Hatt\u0131 ve joykajewelry instagram ve facebook.com kullan\u0131c\u0131 adlar\u0131na ba\u011fl\u0131 olarak sat\u0131\u015f kanal\u0131 \u00fczerindeki her t\u00fcrl\u00fc al\u0131\u015fveri\u015f, tahsilat, teslimat, i\u015flem, anket doldurma, kay\u0131t ve davran\u0131\u015fsal i\u015flemlerin sistemlerimize kaydedilmesi, telefon yoluyla sizinle ileti\u015fim kurulmas\u0131 esnas\u0131nda vermi\u015f oldu\u011funuz bilgilerin sistemlerimize kaydedilmesi veya yaz\u0131l\u0131 olarak ki\u015fiselle\u015ftirilmi\u015f\/ticari ileti\u015fim izni vermeniz ile otomatik olan veya olmayan y\u00f6ntemlerle toplamaktay\u0131z.<br \/>Joyka Jewelry olarak ki\u015fisel verilerinizi; Site, , Telefonla, joykajewelry instagram ve facebook.com kullan\u0131c\u0131 adlar\u0131na ba\u011fl\u0131 veya Sipari\u015f Hatt\u0131 ve \u00fcyelik ve sat\u0131\u015f s\u00fcre\u00e7lerine ili\u015fkin olarak \u201cs\u00f6zle\u015fmenin kurulmas\u0131 ve ifas\u0131 i\u00e7in veri i\u015flemenin gerekli olmas\u0131\u201d, \u201chukuki y\u00fck\u00fcml\u00fcl\u00fc\u011f\u00fcn yerine getirilmesi\u201d ile \u201cveri sorumlusunun me\u015fru menfaatleri i\u00e7in veri i\u015flenmesinin zorunlu olmas\u0131 hukuki sebeplerine; mevzuattan kaynaklanan saklama y\u00fck\u00fcml\u00fcl\u00fcklerimize ili\u015fkin \u201chukuki y\u00fck\u00fcml\u00fcl\u00fc\u011f\u00fcn yerine getirilmesi\u201d.<\/p>\r\n<p>Ki\u015fisel verileriniz payla\u015f\u0131yor mu?<\/p>\r\n<p>Toplanan ki\u015fisel verileriniz, yukar\u0131da belirtilen ama\u00e7lar\u0131n ger\u00e7ekle\u015ftirilebilmesi ve 6698 say\u0131l\u0131 Kanun ve di\u011fer yasal mevzuattan kaynaklanan sebepler ile s\u0131n\u0131rl\u0131 olmak \u00fczere;<\/p>\r\n<ul>\r\n<li>Bili\u015fim teknolojileri, pazarlama faaliyetleri, ya da uzmanl\u0131k gerektiren dan\u0131\u015fmanl\u0131k vb. hizmetlerini almak, ki\u015fisel veri toplama s\u00fcre\u00e7lerinde \u00fcr\u00fcn ve hizmet deste\u011fi almak gibi ama\u00e7larla Joyka Jewelry\u2019nin yurti\u00e7i ve \/veya yurtd\u0131\u015f\u0131nda bulunan i\u015f ortaklar\u0131 ve hizmet sa\u011flay\u0131c\u0131lar\u0131yla (\u00e7a\u011fr\u0131 merkezi, cihazlar arac\u0131l\u0131\u011f\u0131yla ki\u015fisel veri toplama hizmeti, pazarlama dan\u0131\u015fmanl\u0131\u011f\u0131, veri taban\u0131, elektronik ileti arac\u0131 hizmet sa\u011flay\u0131c\u0131lar\u0131, dan\u0131\u015fmanl\u0131k, vb. hizmeti veren firmalar\u0131 ile) veya yurti\u00e7indeki i\u015f ortaklar\u0131m\u0131z\u0131n sunucular\u0131n\u0131n yurtd\u0131\u015f\u0131nda olmas\u0131 nedeniyle yurtd\u0131\u015f\u0131 ile,<\/li>\r\n<li>Site, joykajewelry instagram ve facebook.com kullan\u0131c\u0131 adlar\u0131na ba\u011fl\u0131 olarak ve Sipari\u015f hatt\u0131m\u0131z \u00fczerinden yapt\u0131\u011f\u0131n\u0131z al\u0131\u015fveri\u015flerinizin ve di\u011fer her t\u00fcrl\u00fc \u00fcr\u00fcn taleplerinizin size g\u00f6nderilmesi amac\u0131yla kurye ve kargo hizmeti ald\u0131\u011f\u0131m\u0131z i\u015f ortaklar\u0131m\u0131zla,<\/li>\r\n<li>Yetkili ve g\u00f6revli kamu kurum ve kurulu\u015flar\u0131 ile adli makamlara kar\u015f\u0131 olan bilgi, belge verme ve ilgili sair y\u00fck\u00fcml\u00fcl\u00fcklerimizi yerine getirmek ve dava ve cevap haklar\u0131 gibi yasal haklar\u0131m\u0131z\u0131 kullanabilmek amac\u0131yla bizden istenen bilgileri an\u0131lan bu kurum, kurulu\u015f ve makamlara,<\/li>\r\n<li>\u00d6demenizi kredi kart\u0131 ile yapman\u0131z halinde kredi kart\u0131 bilgilerinizi, Joyka Jewelry taraf\u0131ndan kaydedilmeksizin ilgili banka, elektronik \u00f6deme kurulu\u015fu vb. hizmeti sa\u011flayan \u00fc\u00e7\u00fcnc\u00fc ki\u015filere aktarmaktay\u0131z.<\/li>\r\n<\/ul>\r\n<p>3) A\u00e7\u0131k R\u0131za ve Ticari \u0130leti\u015fim \u0130zni Beyanlar\u0131<\/p>\r\n<p>Yukar\u0131daki ayd\u0131nlatma metninde detayl\u0131 olarak a\u00e7\u0131kland\u0131\u011f\u0131 \u00fczere, ki\u015fisel verilerinizin i\u015flenmesi i\u00e7in a\u00e7\u0131k r\u0131zan\u0131z\u0131n gerekti\u011fi ve\/veya size y\u00f6nelik ticari ileti\u015fim faaliyetlerinde bulunulabilmesi i\u00e7in ticari ileti\u015fim izninizin gerekti\u011fi hallerde, s\u00f6z konusu izin ya da a\u00e7\u0131k r\u0131zan\u0131z\u0131; Site\u2019de ve\/veya varsa dijital ortamda da verebilirsiniz.<\/p>\r\n<p>\u015e\u00f6yle ki; yukar\u0131daki ayd\u0131nlatma metninin size Site\u2019de bas\u0131l\u0131 ortamda, e-posta yoluyla veya beyan edece\u011finiz cep telefonunuza k\u0131sa mesajla g\u00f6nderilen linkte bilginize sunulmas\u0131ndan sonra, uygun bulmu\u015f iseniz, bilgilerinizin do\u011frulu\u011funu s\u00f6zl\u00fc olarak veya ekranda ya da dijital ortamda teyit ettikten sonra i\u015flemleri (prosed\u00fcr\u00fcne ve tercihinize g\u00f6re ekrandan ve\/veya cep telefonunuzdan) yapt\u0131\u011f\u0131n\u0131zda ilgili a\u00e7\u0131k r\u0131za\/ticari ileti\u015fim izni verme i\u015fleminiz tamamlanm\u0131\u015f olacakt\u0131r.<\/p>\r\n<p>Ki\u015fiselle\u015ftirilmi\u015f\/Ticari ileti\u015fime ili\u015fkin a\u00e7\u0131k r\u0131za\/ticari ileti\u015fim izni beyan\u0131<\/p>\r\n<p>\u0130stedi\u011fim her zaman ve hi\u00e7bir gerek\u00e7e g\u00f6stermeksizin, g\u00f6nderece\u011finiz elektronik iletilerde belirtilen i\u015flemi (red) yaparak ilgili ticari elektronik ileti\u015fimi durdurabilece\u011fim, a\u00e7\u0131k r\u0131zama dayanarak ki\u015fisel veri i\u015flenen hallerde ise a\u00e7\u0131k r\u0131zam\u0131 her zaman geri \u00e7ekerek a\u00e7\u0131k r\u0131zaya dayanan ki\u015fisel veri i\u015fleme s\u00fcre\u00e7lerini durdurabilece\u011fim hususlar\u0131nda da bilgilendirildim\/biliyorum.\u00a0<\/p>\r\n<p>Ki\u015fiselle\u015ftirilmi\u015f\/ticari ileti\u015fime ili\u015fkin olarak ki\u015fisel verilerimin yukar\u0131daki ayd\u0131nlatma metninde a\u00e7\u0131kland\u0131\u011f\u0131 \u015fekilde i\u015flenmesine, ayd\u0131nlatma metninde belirtilen ve Joyka Jewelry\u2019nin s\u00f6zle\u015fme ili\u015fkisi i\u00e7erisinde oldu\u011fu \u00fc\u00e7\u00fcnc\u00fc ki\u015filere aktar\u0131lmas\u0131na, taraf\u0131ma Joyka Jewelry taraf\u0131ndan verdi\u011fim ileti\u015fim bilgilerim ile ileride g\u00fcncellemem halinde g\u00fcncel ileti\u015fim bilgilerim \u00fczerinden SMS\/k\u0131sa mesaj, anl\u0131k bildirim, otomatik arama, bilgisayar, telefon, , e-posta \/ mail, ve web \u00fczerinden push, bluetooth, beacon, her t\u00fcrl\u00fc \u00f6zel-genel a\u011flar ve di\u011fer elektronik ileti\u015fim ara\u00e7lar\u0131 ile ticari elektronik ileti g\u00f6nderilmesine \u0130Z\u0130N VE ONAY VER\u0130YORUM.<\/p>\t\t\t\t\t\t<\/div>\n\t\t\t\t<\/div>\n\t\t\t\t\t<\/div>\n\t\t<\/div>\n\t\t\t\t\t\t\t<\/div>\n\t\t<\/section>\n\t\t\t\t\t\t\t<\/div>\n\t\t","protected":false},"excerpt":{"rendered":"<p>Gizlilik Politikas\u0131 G\u0130ZL\u0130L\u0130K VE G\u00dcVENL\u0130K K\u0130\u015e\u0130SEL VER\u0130LER\u0130N KORUNMASI HAKKINDA A\u00c7IKLAMA VE G\u0130ZL\u0130L\u0130K POL\u0130T\u0130KASI De\u011ferli Ziyaret\u00e7ilerimiz, M\u00fc\u015fterilerimiz ve \u00dcyelerimiz, Joyka Jewelry,<\/p>\n","protected":false},"author":1,"featured_media":0,"parent":0,"menu_order":0,"comment_status":"closed","ping_status":"open","template":"","meta":{"footnotes":""},"class_list":["post-18109","page","type-page","status-publish","hentry"],"jetpack_sharing_enabled":true,"_links":{"self":[{"href":"https:\/\/joykajewelry.com\/tr\/wp-json\/wp\/v2\/pages\/18109","targetHints":{"allow":["GET"]}}],"collection":[{"href":"https:\/\/joykajewelry.com\/tr\/wp-json\/wp\/v2\/pages"}],"about":[{"href":"https:\/\/joykajewelry.com\/tr\/wp-json\/wp\/v2\/types\/page"}],"author":[{"embeddable":true,"href":"https:\/\/joykajewelry.com\/tr\/wp-json\/wp\/v2\/users\/1"}],"replies":[{"embeddable":true,"href":"https:\/\/joykajewelry.com\/tr\/wp-json\/wp\/v2\/comments?post=18109"}],"version-history":[{"count":4,"href":"https:\/\/joykajewelry.com\/tr\/wp-json\/wp\/v2\/pages\/18109\/revisions"}],"predecessor-version":[{"id":21013,"href":"https:\/\/joykajewelry.com\/tr\/wp-json\/wp\/v2\/pages\/18109\/revisions\/21013"}],"wp:attachment":[{"href":"https:\/\/joykajewelry.com\/tr\/wp-json\/wp\/v2\/media?parent=18109"}],"curies":[{"name":"wp","href":"https:\/\/api.w.org\/{rel}","templated":true}]}}