{"id":18111,"date":"2021-10-12T15:51:09","date_gmt":"2021-10-12T15:51:09","guid":{"rendered":"https:\/\/joykajewelry.com\/about-us\/"},"modified":"2023-10-25T19:07:11","modified_gmt":"2023-10-25T19:07:11","slug":"hakkimizda","status":"publish","type":"page","link":"https:\/\/joykajewelry.com\/tr\/hakkimizda\/","title":{"rendered":"Hakk\u0131m\u0131zda"},"content":{"rendered":"\t\t<div data-elementor-type=\"wp-page\" data-elementor-id=\"18111\" class=\"elementor elementor-18111 elementor-4400\" data-elementor-post-type=\"page\">\n\t\t\t\t\t\t\t\t\t<section class=\"elementor-section elementor-top-section elementor-element elementor-element-1dfaa52e elementor-section-stretched elementor-section-boxed elementor-section-height-default elementor-section-height-default\" data-id=\"1dfaa52e\" data-element_type=\"section\" data-settings=\"{&quot;background_background&quot;:&quot;classic&quot;,&quot;stretch_section&quot;:&quot;section-stretched&quot;}\">\n\t\t\t\t\t\t<div class=\"elementor-container elementor-column-gap-default\">\n\t\t\t\t\t<div class=\"elementor-column elementor-col-50 elementor-top-column elementor-element elementor-element-6f44164a\" data-id=\"6f44164a\" data-element_type=\"column\">\n\t\t\t<div class=\"elementor-widget-wrap elementor-element-populated\">\n\t\t\t\t\t\t\t\t<div class=\"elementor-element elementor-element-75f920e2 elementor-widget elementor-widget-heading\" data-id=\"75f920e2\" data-element_type=\"widget\" data-widget_type=\"heading.default\">\n\t\t\t\t<div class=\"elementor-widget-container\">\n\t\t\t<style>\/*! elementor - v3.18.0 - 08-12-2023 *\/\n.elementor-heading-title{padding:0;margin:0;line-height:1}.elementor-widget-heading .elementor-heading-title[class*=elementor-size-]>a{color:inherit;font-size:inherit;line-height:inherit}.elementor-widget-heading .elementor-heading-title.elementor-size-small{font-size:15px}.elementor-widget-heading .elementor-heading-title.elementor-size-medium{font-size:19px}.elementor-widget-heading .elementor-heading-title.elementor-size-large{font-size:29px}.elementor-widget-heading .elementor-heading-title.elementor-size-xl{font-size:39px}.elementor-widget-heading .elementor-heading-title.elementor-size-xxl{font-size:59px}<\/style><h1 class=\"elementor-heading-title elementor-size-default\">SMILE OF JOYKA<\/h1>\t\t<\/div>\n\t\t\t\t<\/div>\n\t\t\t\t<div class=\"elementor-element elementor-element-280384f2 elementor-widget__width-initial color-scheme-inherit text-left elementor-widget elementor-widget-text-editor\" data-id=\"280384f2\" data-element_type=\"widget\" data-widget_type=\"text-editor.default\">\n\t\t\t\t<div class=\"elementor-widget-container\">\n\t\t\t<style>\/*! elementor - v3.18.0 - 08-12-2023 *\/\n.elementor-widget-text-editor.elementor-drop-cap-view-stacked .elementor-drop-cap{background-color:#69727d;color:#fff}.elementor-widget-text-editor.elementor-drop-cap-view-framed .elementor-drop-cap{color:#69727d;border:3px solid;background-color:transparent}.elementor-widget-text-editor:not(.elementor-drop-cap-view-default) .elementor-drop-cap{margin-top:8px}.elementor-widget-text-editor:not(.elementor-drop-cap-view-default) .elementor-drop-cap-letter{width:1em;height:1em}.elementor-widget-text-editor .elementor-drop-cap{float:left;text-align:center;line-height:1;font-size:50px}.elementor-widget-text-editor .elementor-drop-cap-letter{display:inline-block}<\/style>\t\t\t\t<p><span style=\"font-weight: 400;\">Joyka\u2019y\u0131 tek ba\u015f\u0131na ifade etmek i\u00e7in hi\u00e7bir \u015fey tek ba\u015f\u0131na yeterli de\u011fildir. <\/span><\/p>\n<p><span style=\"font-weight: 400;\">Joyka\u2019n\u0131n hikayesi birliktelik \u00fczerine kurulu. Bir Joyka tak\u0131s\u0131 yaratmak i\u00e7in en az iki \u015fey gerekir. <\/span><\/p>\n<p><span style=\"font-weight: 400;\">Gurur ve ne\u015fe, ihti\u015fam ve denge, tasar\u0131m ve g\u00f6rg\u00fc, yeni ve s\u00fcrekli, \u00d6zlem ve Cesi, cesaret ve \u00f6zg\u00fcven, elmas ve alt\u0131n. <\/span><\/p>\n<p><span style=\"font-weight: 400;\">Ve t\u00fcm bu g\u00fcl\u00fcmsemeler, her m\u00fccevher par\u00e7as\u0131na bir t\u0131ls\u0131m gibi f\u0131s\u0131ldad\u0131.<\/span><\/p>\n\t\t\t\t\t\t<\/div>\n\t\t\t\t<\/div>\n\t\t\t\t\t<\/div>\n\t\t<\/div>\n\t\t\t\t<div class=\"elementor-column elementor-col-50 elementor-top-column elementor-element elementor-element-19a69bc5\" data-id=\"19a69bc5\" data-element_type=\"column\">\n\t\t\t<div class=\"elementor-widget-wrap elementor-element-populated\">\n\t\t\t\t\t\t\t\t<section class=\"wd-negative-gap elementor-section elementor-inner-section elementor-element elementor-element-c5019d2 elementor-section-boxed elementor-section-height-default elementor-section-height-default\" data-id=\"c5019d2\" data-element_type=\"section\">\n\t\t\t\t\t\t<div class=\"elementor-container elementor-column-gap-default\">\n\t\t\t\t\t<div class=\"elementor-column elementor-col-50 elementor-inner-column elementor-element elementor-element-3fd633ef\" data-id=\"3fd633ef\" data-element_type=\"column\">\n\t\t\t<div class=\"elementor-widget-wrap elementor-element-populated\">\n\t\t\t\t\t\t\t\t<div class=\"elementor-element elementor-element-5cc4f2bd elementor-widget elementor-widget-image\" data-id=\"5cc4f2bd\" data-element_type=\"widget\" data-widget_type=\"image.default\">\n\t\t\t\t<div class=\"elementor-widget-container\">\n\t\t\t<style>\/*! elementor - v3.18.0 - 08-12-2023 *\/\n.elementor-widget-image{text-align:center}.elementor-widget-image a{display:inline-block}.elementor-widget-image a img[src$=\".svg\"]{width:48px}.elementor-widget-image img{vertical-align:middle;display:inline-block}<\/style>\t\t\t\t\t\t\t\t\t\t\t\t<img fetchpriority=\"high\" decoding=\"async\" width=\"800\" height=\"800\" src=\"https:\/\/joykajewelry.com\/wp-content\/uploads\/2023\/10\/02-800x800.jpg\" class=\"elementor-animation-wobble-vertical attachment-large size-large wp-image-17575\" alt=\"\" srcset=\"https:\/\/joykajewelry.com\/wp-content\/uploads\/2023\/10\/02-800x800.jpg 800w, https:\/\/joykajewelry.com\/wp-content\/uploads\/2023\/10\/02-430x430.jpg 430w, https:\/\/joykajewelry.com\/wp-content\/uploads\/2023\/10\/02-150x150.jpg 150w, https:\/\/joykajewelry.com\/wp-content\/uploads\/2023\/10\/02-700x700.jpg 700w, https:\/\/joykajewelry.com\/wp-content\/uploads\/2023\/10\/02-300x300.jpg 300w, https:\/\/joykajewelry.com\/wp-content\/uploads\/2023\/10\/02-768x768.jpg 768w, https:\/\/joykajewelry.com\/wp-content\/uploads\/2023\/10\/02-860x860.jpg 860w, https:\/\/joykajewelry.com\/wp-content\/uploads\/2023\/10\/02.jpg 1000w\" sizes=\"(max-width: 800px) 100vw, 800px\" \/>\t\t\t\t\t\t\t\t\t\t\t\t\t\t\t<\/div>\n\t\t\t\t<\/div>\n\t\t\t\t\t<\/div>\n\t\t<\/div>\n\t\t\t\t<div class=\"elementor-column elementor-col-50 elementor-inner-column elementor-element elementor-element-296bf608\" data-id=\"296bf608\" data-element_type=\"column\">\n\t\t\t<div class=\"elementor-widget-wrap elementor-element-populated\">\n\t\t\t\t\t\t\t\t<div class=\"elementor-element elementor-element-7d1ee7a0 elementor-widget elementor-widget-image\" data-id=\"7d1ee7a0\" data-element_type=\"widget\" data-widget_type=\"image.default\">\n\t\t\t\t<div class=\"elementor-widget-container\">\n\t\t\t\t\t\t\t\t\t\t\t\t\t\t\t<img decoding=\"async\" width=\"800\" height=\"800\" src=\"https:\/\/joykajewelry.com\/wp-content\/uploads\/2023\/10\/10-800x800.jpg\" class=\"elementor-animation-wobble-vertical attachment-large size-large wp-image-17576\" alt=\"\" srcset=\"https:\/\/joykajewelry.com\/wp-content\/uploads\/2023\/10\/10-800x800.jpg 800w, https:\/\/joykajewelry.com\/wp-content\/uploads\/2023\/10\/10-430x430.jpg 430w, https:\/\/joykajewelry.com\/wp-content\/uploads\/2023\/10\/10-150x150.jpg 150w, https:\/\/joykajewelry.com\/wp-content\/uploads\/2023\/10\/10-700x700.jpg 700w, https:\/\/joykajewelry.com\/wp-content\/uploads\/2023\/10\/10-300x300.jpg 300w, https:\/\/joykajewelry.com\/wp-content\/uploads\/2023\/10\/10-768x768.jpg 768w, https:\/\/joykajewelry.com\/wp-content\/uploads\/2023\/10\/10-860x860.jpg 860w, https:\/\/joykajewelry.com\/wp-content\/uploads\/2023\/10\/10.jpg 1000w\" sizes=\"(max-width: 800px) 100vw, 800px\" \/>\t\t\t\t\t\t\t\t\t\t\t\t\t\t\t<\/div>\n\t\t\t\t<\/div>\n\t\t\t\t\t<\/div>\n\t\t<\/div>\n\t\t\t\t\t\t\t<\/div>\n\t\t<\/section>\n\t\t\t\t\t<\/div>\n\t\t<\/div>\n\t\t\t\t\t\t\t<\/div>\n\t\t<\/section>\n\t\t\t\t\t\t\t<\/div>\n\t\t","protected":false},"excerpt":{"rendered":"<p>SMILE OF JOYKA Joyka\u2019y\u0131 tek ba\u015f\u0131na ifade etmek i\u00e7in hi\u00e7bir \u015fey tek ba\u015f\u0131na yeterli de\u011fildir. Joyka\u2019n\u0131n hikayesi birliktelik \u00fczerine kurulu.<\/p>\n","protected":false},"author":1,"featured_media":0,"parent":0,"menu_order":0,"comment_status":"closed","ping_status":"closed","template":"","meta":{"footnotes":""},"class_list":["post-18111","page","type-page","status-publish","hentry"],"jetpack_sharing_enabled":true,"_links":{"self":[{"href":"https:\/\/joykajewelry.com\/tr\/wp-json\/wp\/v2\/pages\/18111","targetHints":{"allow":["GET"]}}],"collection":[{"href":"https:\/\/joykajewelry.com\/tr\/wp-json\/wp\/v2\/pages"}],"about":[{"href":"https:\/\/joykajewelry.com\/tr\/wp-json\/wp\/v2\/types\/page"}],"author":[{"embeddable":true,"href":"https:\/\/joykajewelry.com\/tr\/wp-json\/wp\/v2\/users\/1"}],"replies":[{"embeddable":true,"href":"https:\/\/joykajewelry.com\/tr\/wp-json\/wp\/v2\/comments?post=18111"}],"version-history":[{"count":8,"href":"https:\/\/joykajewelry.com\/tr\/wp-json\/wp\/v2\/pages\/18111\/revisions"}],"predecessor-version":[{"id":18145,"href":"https:\/\/joykajewelry.com\/tr\/wp-json\/wp\/v2\/pages\/18111\/revisions\/18145"}],"wp:attachment":[{"href":"https:\/\/joykajewelry.com\/tr\/wp-json\/wp\/v2\/media?parent=18111"}],"curies":[{"name":"wp","href":"https:\/\/api.w.org\/{rel}","templated":true}]}}