{"id":19830,"date":"2023-10-24T23:44:50","date_gmt":"2023-10-24T20:44:50","guid":{"rendered":"https:\/\/joykajewelry.com\/?post_type=product&#038;p=19830"},"modified":"2025-12-22T01:35:00","modified_gmt":"2025-12-21T22:35:00","slug":"flux-sekizgen-zincir-pirlanta-bilezik","status":"publish","type":"product","link":"https:\/\/joykajewelry.com\/tr\/product\/flux-sekizgen-zincir-pirlanta-bilezik\/","title":{"rendered":"Flux Sekizgen Zincir P\u0131rlanta Bilezik"},"content":{"rendered":"","protected":false},"excerpt":{"rendered":"<div>14K Alt\u0131n<\/div>\n<div><\/div>\n<div>0,40 ct P\u0131rlanta<\/div>\n<div><\/div>\n<div>Zincir Uzunlu\u011fu 15-17 cm<\/div>\n<div><\/div>\n<div>Farkl\u0131 \u00f6l\u00e7\u00fc se\u00e7enekleri i\u00e7in l\u00fctfen ileti\u015fime ge\u00e7iniz.<\/div>\n","protected":false},"featured_media":18096,"comment_status":"closed","ping_status":"closed","template":"","meta":[],"product_brand":[],"product_cat":[257,263],"product_tag":[357],"class_list":{"0":"post-19830","1":"product","2":"type-product","3":"status-publish","4":"has-post-thumbnail","6":"product_cat-bileklik","7":"product_cat-flux-koleksiyon","8":"product_tag-bracelet-tr","10":"first","11":"instock","12":"shipping-taxable","13":"purchasable","14":"product-type-variable"},"jetpack_sharing_enabled":true,"_links":{"self":[{"href":"https:\/\/joykajewelry.com\/tr\/wp-json\/wp\/v2\/product\/19830","targetHints":{"allow":["GET"]}}],"collection":[{"href":"https:\/\/joykajewelry.com\/tr\/wp-json\/wp\/v2\/product"}],"about":[{"href":"https:\/\/joykajewelry.com\/tr\/wp-json\/wp\/v2\/types\/product"}],"replies":[{"embeddable":true,"href":"https:\/\/joykajewelry.com\/tr\/wp-json\/wp\/v2\/comments?post=19830"}],"version-history":[{"count":1,"href":"https:\/\/joykajewelry.com\/tr\/wp-json\/wp\/v2\/product\/19830\/revisions"}],"predecessor-version":[{"id":19834,"href":"https:\/\/joykajewelry.com\/tr\/wp-json\/wp\/v2\/product\/19830\/revisions\/19834"}],"wp:featuredmedia":[{"embeddable":true,"href":"https:\/\/joykajewelry.com\/tr\/wp-json\/wp\/v2\/media\/18096"}],"wp:attachment":[{"href":"https:\/\/joykajewelry.com\/tr\/wp-json\/wp\/v2\/media?parent=19830"}],"wp:term":[{"taxonomy":"product_brand","embeddable":true,"href":"https:\/\/joykajewelry.com\/tr\/wp-json\/wp\/v2\/product_brand?post=19830"},{"taxonomy":"product_cat","embeddable":true,"href":"https:\/\/joykajewelry.com\/tr\/wp-json\/wp\/v2\/product_cat?post=19830"},{"taxonomy":"product_tag","embeddable":true,"href":"https:\/\/joykajewelry.com\/tr\/wp-json\/wp\/v2\/product_tag?post=19830"}],"curies":[{"name":"wp","href":"https:\/\/api.w.org\/{rel}","templated":true}]}}