{"id":19918,"date":"2023-10-24T23:44:06","date_gmt":"2023-10-24T20:44:06","guid":{"rendered":"https:\/\/joykajewelry.com\/?post_type=product&#038;p=19918"},"modified":"2025-12-22T01:35:26","modified_gmt":"2025-12-21T22:35:26","slug":"flux-yuvarlak-safir-dikdortgen-kucuk-kupe","status":"publish","type":"product","link":"https:\/\/joykajewelry.com\/tr\/product\/flux-yuvarlak-safir-dikdortgen-kucuk-kupe\/","title":{"rendered":"Flux Yuvarlak Safir Dikd\u00f6rtgen K\u00fc\u00e7\u00fck K\u00fcpe"},"content":{"rendered":"","protected":false},"excerpt":{"rendered":"<p>14K Alt\u0131n0,60 ct Safir<\/p>\n","protected":false},"featured_media":18067,"comment_status":"closed","ping_status":"closed","template":"","meta":[],"product_brand":[],"product_cat":[263,258],"product_tag":[354],"class_list":{"0":"post-19918","1":"product","2":"type-product","3":"status-publish","4":"has-post-thumbnail","6":"product_cat-flux-koleksiyon","7":"product_cat-kupe","8":"product_tag-earring-tr","10":"first","11":"instock","12":"shipping-taxable","13":"purchasable","14":"product-type-variable"},"jetpack_sharing_enabled":true,"_links":{"self":[{"href":"https:\/\/joykajewelry.com\/tr\/wp-json\/wp\/v2\/product\/19918","targetHints":{"allow":["GET"]}}],"collection":[{"href":"https:\/\/joykajewelry.com\/tr\/wp-json\/wp\/v2\/product"}],"about":[{"href":"https:\/\/joykajewelry.com\/tr\/wp-json\/wp\/v2\/types\/product"}],"replies":[{"embeddable":true,"href":"https:\/\/joykajewelry.com\/tr\/wp-json\/wp\/v2\/comments?post=19918"}],"version-history":[{"count":2,"href":"https:\/\/joykajewelry.com\/tr\/wp-json\/wp\/v2\/product\/19918\/revisions"}],"predecessor-version":[{"id":23629,"href":"https:\/\/joykajewelry.com\/tr\/wp-json\/wp\/v2\/product\/19918\/revisions\/23629"}],"wp:featuredmedia":[{"embeddable":true,"href":"https:\/\/joykajewelry.com\/tr\/wp-json\/wp\/v2\/media\/18067"}],"wp:attachment":[{"href":"https:\/\/joykajewelry.com\/tr\/wp-json\/wp\/v2\/media?parent=19918"}],"wp:term":[{"taxonomy":"product_brand","embeddable":true,"href":"https:\/\/joykajewelry.com\/tr\/wp-json\/wp\/v2\/product_brand?post=19918"},{"taxonomy":"product_cat","embeddable":true,"href":"https:\/\/joykajewelry.com\/tr\/wp-json\/wp\/v2\/product_cat?post=19918"},{"taxonomy":"product_tag","embeddable":true,"href":"https:\/\/joykajewelry.com\/tr\/wp-json\/wp\/v2\/product_tag?post=19918"}],"curies":[{"name":"wp","href":"https:\/\/api.w.org\/{rel}","templated":true}]}}