{"id":19938,"date":"2023-10-24T23:44:05","date_gmt":"2023-10-24T20:44:05","guid":{"rendered":"https:\/\/joykajewelry.com\/?post_type=product&#038;p=19938"},"modified":"2025-12-22T01:34:06","modified_gmt":"2025-12-21T22:34:06","slug":"flux-baget-aquamarin-dikdortgen-kucuk-kupe-tek-2","status":"publish","type":"product","link":"https:\/\/joykajewelry.com\/tr\/product\/flux-baget-aquamarin-dikdortgen-kucuk-kupe-tek-2\/","title":{"rendered":"Flux Baget Aquamarin Dikd\u00f6rtgen K\u00fc\u00e7\u00fck K\u00fcpe  (TEK)"},"content":{"rendered":"<p>En az denize uzanan bir nehir kadar rahat ve esnek kalmak, kendi s\u00fcrecimizin bizi olmam\u0131z gereken yere s\u00fcr\u00fckleyece\u011fine dair rahatlat\u0131c\u0131 bir g\u00fcven duygusuyla ya\u015famak&#8230;<\/p>\n<p>&nbsp;<\/p>\n<p>Hayata ve getirdi\u011fi de\u011fi\u015fimlere duydu\u011fumuz bu kabul ve g\u00fcven halinin bir yans\u0131mas\u0131 olarak do\u011fan Flux Koleksiyonu, her bir tasar\u0131m\u0131 ile tek bir mesaj\u0131 veriyor: &#8220;Gelirse, b\u0131rak gelsin. Giderse, b\u0131rak gitsin.&#8221;<\/p>\n","protected":false},"excerpt":{"rendered":"<p>14K Alt\u0131n0,30 ct Blue Topaz<\/p>\n","protected":false},"featured_media":18066,"comment_status":"closed","ping_status":"closed","template":"","meta":[],"product_brand":[],"product_cat":[263,258,272,269],"product_tag":[354],"class_list":{"0":"post-19938","1":"product","2":"type-product","3":"status-publish","4":"has-post-thumbnail","6":"product_cat-flux-koleksiyon","7":"product_cat-kupe","8":"product_cat-nomad-tr","9":"product_cat-styles-tr","10":"product_tag-earring-tr","12":"first","13":"instock","14":"shipping-taxable","15":"purchasable","16":"product-type-variable"},"jetpack_sharing_enabled":true,"_links":{"self":[{"href":"https:\/\/joykajewelry.com\/tr\/wp-json\/wp\/v2\/product\/19938","targetHints":{"allow":["GET"]}}],"collection":[{"href":"https:\/\/joykajewelry.com\/tr\/wp-json\/wp\/v2\/product"}],"about":[{"href":"https:\/\/joykajewelry.com\/tr\/wp-json\/wp\/v2\/types\/product"}],"replies":[{"embeddable":true,"href":"https:\/\/joykajewelry.com\/tr\/wp-json\/wp\/v2\/comments?post=19938"}],"version-history":[{"count":2,"href":"https:\/\/joykajewelry.com\/tr\/wp-json\/wp\/v2\/product\/19938\/revisions"}],"predecessor-version":[{"id":23591,"href":"https:\/\/joykajewelry.com\/tr\/wp-json\/wp\/v2\/product\/19938\/revisions\/23591"}],"wp:featuredmedia":[{"embeddable":true,"href":"https:\/\/joykajewelry.com\/tr\/wp-json\/wp\/v2\/media\/18066"}],"wp:attachment":[{"href":"https:\/\/joykajewelry.com\/tr\/wp-json\/wp\/v2\/media?parent=19938"}],"wp:term":[{"taxonomy":"product_brand","embeddable":true,"href":"https:\/\/joykajewelry.com\/tr\/wp-json\/wp\/v2\/product_brand?post=19938"},{"taxonomy":"product_cat","embeddable":true,"href":"https:\/\/joykajewelry.com\/tr\/wp-json\/wp\/v2\/product_cat?post=19938"},{"taxonomy":"product_tag","embeddable":true,"href":"https:\/\/joykajewelry.com\/tr\/wp-json\/wp\/v2\/product_tag?post=19938"}],"curies":[{"name":"wp","href":"https:\/\/api.w.org\/{rel}","templated":true}]}}