{"id":20055,"date":"2023-10-24T23:43:17","date_gmt":"2023-10-24T20:43:17","guid":{"rendered":"https:\/\/joykajewelry.com\/?post_type=product&#038;p=20055"},"modified":"2025-12-22T01:34:29","modified_gmt":"2025-12-21T22:34:29","slug":"flux-kare-aquamarin-yuzuk","status":"publish","type":"product","link":"https:\/\/joykajewelry.com\/tr\/product\/flux-kare-aquamarin-yuzuk\/","title":{"rendered":"Flux Kare Aquamarin Y\u00fcz\u00fck"},"content":{"rendered":"<p>En az denize uzanan bir nehir kadar rahat ve esnek kalmak, kendi s\u00fcrecimizin bizi olmam\u0131z gereken yere s\u00fcr\u00fckleyece\u011fine dair rahatlat\u0131c\u0131 bir g\u00fcven duygusuyla ya\u015famak&#8230; \u00a0Hayata ve getirdi\u011fi de\u011fi\u015fimlere duydu\u011fumuz bu kabul ve g\u00fcven halinin bir yans\u0131mas\u0131 olarak do\u011fan Flux Koleksiyonu, her bir tasar\u0131m\u0131 ile tek bir mesaj\u0131 veriyor: &#8220;Gelirse, b\u0131rak gelsin. Giderse, b\u0131rak gitsin.&#8221;<\/p>\n","protected":false},"excerpt":{"rendered":"<p>Renk: Beyaz Alt\u0131n &#8211; Rose Alt\u0131n &#8211; Sar\u0131 Alt\u0131nAyar: 14KAquamarin: 0,37 ct\u00d6l\u00e7\u00fc: 5-6-7-8-9-10-11-12-13-14-15-16-17-18-19-20<\/p>\n","protected":false},"featured_media":18037,"comment_status":"closed","ping_status":"closed","template":"","meta":[],"product_brand":[],"product_cat":[263,273,269,260],"product_tag":[332],"class_list":{"0":"post-20055","1":"product","2":"type-product","3":"status-publish","4":"has-post-thumbnail","6":"product_cat-flux-koleksiyon","7":"product_cat-provocateur-tr","8":"product_cat-styles-tr","9":"product_cat-yuzuk","10":"product_tag-ring-tr","12":"first","13":"instock","14":"shipping-taxable","15":"purchasable","16":"product-type-variable"},"jetpack_sharing_enabled":true,"_links":{"self":[{"href":"https:\/\/joykajewelry.com\/tr\/wp-json\/wp\/v2\/product\/20055","targetHints":{"allow":["GET"]}}],"collection":[{"href":"https:\/\/joykajewelry.com\/tr\/wp-json\/wp\/v2\/product"}],"about":[{"href":"https:\/\/joykajewelry.com\/tr\/wp-json\/wp\/v2\/types\/product"}],"replies":[{"embeddable":true,"href":"https:\/\/joykajewelry.com\/tr\/wp-json\/wp\/v2\/comments?post=20055"}],"version-history":[{"count":2,"href":"https:\/\/joykajewelry.com\/tr\/wp-json\/wp\/v2\/product\/20055\/revisions"}],"predecessor-version":[{"id":23606,"href":"https:\/\/joykajewelry.com\/tr\/wp-json\/wp\/v2\/product\/20055\/revisions\/23606"}],"wp:featuredmedia":[{"embeddable":true,"href":"https:\/\/joykajewelry.com\/tr\/wp-json\/wp\/v2\/media\/18037"}],"wp:attachment":[{"href":"https:\/\/joykajewelry.com\/tr\/wp-json\/wp\/v2\/media?parent=20055"}],"wp:term":[{"taxonomy":"product_brand","embeddable":true,"href":"https:\/\/joykajewelry.com\/tr\/wp-json\/wp\/v2\/product_brand?post=20055"},{"taxonomy":"product_cat","embeddable":true,"href":"https:\/\/joykajewelry.com\/tr\/wp-json\/wp\/v2\/product_cat?post=20055"},{"taxonomy":"product_tag","embeddable":true,"href":"https:\/\/joykajewelry.com\/tr\/wp-json\/wp\/v2\/product_tag?post=20055"}],"curies":[{"name":"wp","href":"https:\/\/api.w.org\/{rel}","templated":true}]}}