{"id":20127,"date":"2023-10-24T23:42:52","date_gmt":"2023-10-24T20:42:52","guid":{"rendered":"https:\/\/joykajewelry.com\/?post_type=product&#038;p=20127"},"modified":"2025-12-22T01:38:58","modified_gmt":"2025-12-21T22:38:58","slug":"pedra-ince-mineli-yuzuk","status":"publish","type":"product","link":"https:\/\/joykajewelry.com\/tr\/product\/pedra-ince-mineli-yuzuk\/","title":{"rendered":"Pedra \u0130nce Mineli Y\u00fcz\u00fck"},"content":{"rendered":"<p><strong>Victory<\/strong>Birbirlerinin ta\u00e7lar\u0131n\u0131 tamir eden sava\u015f\u00e7\u0131 ruhlu kad\u0131nlar i\u00e7in yarat\u0131lan Victory Koleksiyonu, gururla giyilen z\u0131rhlar\u0131 simgeleyen tasar\u0131mlar\u0131yla d\u00fcnyan\u0131n d\u00f6rt bir yan\u0131ndaki kad\u0131nlara her zaman kar\u015f\u0131l\u0131k vermelerini, dimdik durmalar\u0131n\u0131 ve kad\u0131nl\u0131klar\u0131n\u0131n g\u00fcc\u00fcn\u00fc kucaklamalar\u0131n\u0131 hat\u0131rlat\u0131yor.<\/p>\n","protected":false},"excerpt":{"rendered":"<p>Mine14K Alt\u0131n<\/p>\n","protected":false},"featured_media":18016,"comment_status":"closed","ping_status":"closed","template":"","meta":[],"product_brand":[],"product_cat":[272,269,268,260],"product_tag":[344,385,332],"class_list":{"0":"post-20127","1":"product","2":"type-product","3":"status-publish","4":"has-post-thumbnail","6":"product_cat-nomad-tr","7":"product_cat-styles-tr","8":"product_cat-victory-koleksiyon","9":"product_cat-yuzuk","10":"product_tag-diamond-tr","11":"product_tag-enamel-tr","12":"product_tag-ring-tr","14":"first","15":"instock","16":"shipping-taxable","17":"purchasable","18":"product-type-variable"},"jetpack_sharing_enabled":true,"_links":{"self":[{"href":"https:\/\/joykajewelry.com\/tr\/wp-json\/wp\/v2\/product\/20127","targetHints":{"allow":["GET"]}}],"collection":[{"href":"https:\/\/joykajewelry.com\/tr\/wp-json\/wp\/v2\/product"}],"about":[{"href":"https:\/\/joykajewelry.com\/tr\/wp-json\/wp\/v2\/types\/product"}],"replies":[{"embeddable":true,"href":"https:\/\/joykajewelry.com\/tr\/wp-json\/wp\/v2\/comments?post=20127"}],"version-history":[{"count":1,"href":"https:\/\/joykajewelry.com\/tr\/wp-json\/wp\/v2\/product\/20127\/revisions"}],"predecessor-version":[{"id":20137,"href":"https:\/\/joykajewelry.com\/tr\/wp-json\/wp\/v2\/product\/20127\/revisions\/20137"}],"wp:featuredmedia":[{"embeddable":true,"href":"https:\/\/joykajewelry.com\/tr\/wp-json\/wp\/v2\/media\/18016"}],"wp:attachment":[{"href":"https:\/\/joykajewelry.com\/tr\/wp-json\/wp\/v2\/media?parent=20127"}],"wp:term":[{"taxonomy":"product_brand","embeddable":true,"href":"https:\/\/joykajewelry.com\/tr\/wp-json\/wp\/v2\/product_brand?post=20127"},{"taxonomy":"product_cat","embeddable":true,"href":"https:\/\/joykajewelry.com\/tr\/wp-json\/wp\/v2\/product_cat?post=20127"},{"taxonomy":"product_tag","embeddable":true,"href":"https:\/\/joykajewelry.com\/tr\/wp-json\/wp\/v2\/product_tag?post=20127"}],"curies":[{"name":"wp","href":"https:\/\/api.w.org\/{rel}","templated":true}]}}