{"id":20261,"date":"2023-10-24T23:41:22","date_gmt":"2023-10-24T20:41:22","guid":{"rendered":"https:\/\/joykajewelry.com\/product\/reborn-diamond-flower-bracelet\/"},"modified":"2025-12-22T01:40:05","modified_gmt":"2025-12-21T22:40:05","slug":"reborn-pirlanta-cicek-bilezik","status":"publish","type":"product","link":"https:\/\/joykajewelry.com\/tr\/product\/reborn-pirlanta-cicek-bilezik\/","title":{"rendered":"Reborn P\u0131rlanta \u00c7i\u00e7ek Bilezik"},"content":{"rendered":"<p><strong>Reborn<\/strong><\/p>\n<p>Asl\u0131nda hi\u00e7bir zaman bir \u00e7i\u00e7e\u011fin narinli\u011fi de\u011fildi biz kad\u0131nlar\u0131n \u00f6zde\u015fle\u015fti\u011fi; m\u00fckemmel bir dayan\u0131kl\u0131l\u0131kla belirsizliklerin \u00fcstesinden gelme ve yeni ba\u015flang\u0131\u00e7lar\u0131n b\u00fcy\u00fcs\u00fcne g\u00fcvenme yetenekleriydi bizi yans\u0131tan.<\/p>\n<p>Sonsuz cesaretini hat\u0131rlaman\u0131n bir yolu olarak do\u011fan Reborn Koleksiyonu\u2019ndaki her par\u00e7a, sana hikayeni yazabilecek tek ki\u015finin sen oldu\u011funu hat\u0131rlatan birer ayna.<\/p>\n","protected":false},"excerpt":{"rendered":"<p>0,11 ct P\u0131rlanta<\/p>\n<p>0,13 ct \u015eampanya P\u0131rlanta<\/p>\n<p>14K Alt\u0131n<\/p>\n<p>Renk : Beyaz Alt\u0131n \u2013 Rose Alt\u0131n \u2013 Sar\u0131 Alt\u0131n<\/p>\n","protected":false},"featured_media":17964,"comment_status":"closed","ping_status":"closed","template":"","meta":[],"product_brand":[],"product_cat":[257,266],"product_tag":[357,344,345,347],"class_list":{"0":"post-20261","1":"product","2":"type-product","3":"status-publish","4":"has-post-thumbnail","6":"product_cat-bileklik","7":"product_cat-reborn-koleksiyon","8":"product_tag-bracelet-tr","9":"product_tag-diamond-tr","10":"product_tag-flower-tr","11":"product_tag-reborn-tr","13":"first","14":"instock","15":"shipping-taxable","16":"purchasable","17":"product-type-variable"},"jetpack_sharing_enabled":true,"_links":{"self":[{"href":"https:\/\/joykajewelry.com\/tr\/wp-json\/wp\/v2\/product\/20261","targetHints":{"allow":["GET"]}}],"collection":[{"href":"https:\/\/joykajewelry.com\/tr\/wp-json\/wp\/v2\/product"}],"about":[{"href":"https:\/\/joykajewelry.com\/tr\/wp-json\/wp\/v2\/types\/product"}],"replies":[{"embeddable":true,"href":"https:\/\/joykajewelry.com\/tr\/wp-json\/wp\/v2\/comments?post=20261"}],"version-history":[{"count":1,"href":"https:\/\/joykajewelry.com\/tr\/wp-json\/wp\/v2\/product\/20261\/revisions"}],"predecessor-version":[{"id":21378,"href":"https:\/\/joykajewelry.com\/tr\/wp-json\/wp\/v2\/product\/20261\/revisions\/21378"}],"wp:featuredmedia":[{"embeddable":true,"href":"https:\/\/joykajewelry.com\/tr\/wp-json\/wp\/v2\/media\/17964"}],"wp:attachment":[{"href":"https:\/\/joykajewelry.com\/tr\/wp-json\/wp\/v2\/media?parent=20261"}],"wp:term":[{"taxonomy":"product_brand","embeddable":true,"href":"https:\/\/joykajewelry.com\/tr\/wp-json\/wp\/v2\/product_brand?post=20261"},{"taxonomy":"product_cat","embeddable":true,"href":"https:\/\/joykajewelry.com\/tr\/wp-json\/wp\/v2\/product_cat?post=20261"},{"taxonomy":"product_tag","embeddable":true,"href":"https:\/\/joykajewelry.com\/tr\/wp-json\/wp\/v2\/product_tag?post=20261"}],"curies":[{"name":"wp","href":"https:\/\/api.w.org\/{rel}","templated":true}]}}