{"id":20406,"date":"2023-10-24T23:39:25","date_gmt":"2023-10-24T20:39:25","guid":{"rendered":"https:\/\/joykajewelry.com\/product\/retro-u-form-sapphire-ring\/"},"modified":"2025-12-22T01:41:37","modified_gmt":"2025-12-21T22:41:37","slug":"retro-u-form-safir-yuzuk","status":"publish","type":"product","link":"https:\/\/joykajewelry.com\/tr\/product\/retro-u-form-safir-yuzuk\/","title":{"rendered":"Retro U Form Safir Y\u00fcz\u00fck"},"content":{"rendered":"<p><strong>Retro<\/strong><\/p>\n<p>Bizim i\u00e7in nesiller boyunca, ya\u015famlar boyunca, hat\u0131ralar biriktirerek aktar\u0131lan m\u00fccevherlerde gizliydi ya\u015fanm\u0131\u015fl\u0131klar. Her biri hayat\u0131n en g\u00fczel g\u00fcnlerini simgeleyen, her takt\u0131\u011f\u0131nda heyecan veren k\u00fc\u00e7\u00fck hazineler.<\/p>\n<p>Ge\u00e7mi\u015fe bir \u00f6vg\u00fc olarak do\u011fan Retro Koleksiyonu, d\u00fcn\u00fcn form ve \u015fekillerini bug\u00fcn\u00fcn hazinelerine d\u00f6n\u00fc\u015ft\u00fcr\u00fcyor. Yar\u0131na b\u00fcy\u00fck umutlarla bakarken, ge\u00e7mi\u015fin hat\u0131ras\u0131na selam duran bu koleksiyondaki her par\u00e7a, y\u0131llarca zamana kar\u015f\u0131 duran mutlu birer hat\u0131ra.<\/p>\n","protected":false},"excerpt":{"rendered":"<p>Renk : Beyaz Alt\u0131n \u2013 Rose Alt\u0131n \u2013 Sar\u0131 Alt\u0131n<\/p>\n<p>Ayar : 14k<\/p>\n<p>P\u0131rlanta : 0,40 ct P\u0131rlanta, Safir, 14k Alt\u0131n<\/p>\n<p>\u00d6l\u00e7\u00fc: 6-7-8-9-10-11-12-13-14-15-16-17-18-19-20<\/p>\n","protected":false},"featured_media":17883,"comment_status":"closed","ping_status":"closed","template":"","meta":[],"product_brand":[],"product_cat":[267,260],"product_tag":[396,332,395],"class_list":{"0":"post-20406","1":"product","2":"type-product","3":"status-publish","4":"has-post-thumbnail","6":"product_cat-retro-koleksiyon","7":"product_cat-yuzuk","8":"product_tag-retro-tr","9":"product_tag-ring-tr","10":"product_tag-sapphire-tr","12":"first","13":"instock","14":"shipping-taxable","15":"purchasable","16":"product-type-variable"},"jetpack_sharing_enabled":true,"_links":{"self":[{"href":"https:\/\/joykajewelry.com\/tr\/wp-json\/wp\/v2\/product\/20406","targetHints":{"allow":["GET"]}}],"collection":[{"href":"https:\/\/joykajewelry.com\/tr\/wp-json\/wp\/v2\/product"}],"about":[{"href":"https:\/\/joykajewelry.com\/tr\/wp-json\/wp\/v2\/types\/product"}],"replies":[{"embeddable":true,"href":"https:\/\/joykajewelry.com\/tr\/wp-json\/wp\/v2\/comments?post=20406"}],"version-history":[{"count":1,"href":"https:\/\/joykajewelry.com\/tr\/wp-json\/wp\/v2\/product\/20406\/revisions"}],"predecessor-version":[{"id":21410,"href":"https:\/\/joykajewelry.com\/tr\/wp-json\/wp\/v2\/product\/20406\/revisions\/21410"}],"wp:featuredmedia":[{"embeddable":true,"href":"https:\/\/joykajewelry.com\/tr\/wp-json\/wp\/v2\/media\/17883"}],"wp:attachment":[{"href":"https:\/\/joykajewelry.com\/tr\/wp-json\/wp\/v2\/media?parent=20406"}],"wp:term":[{"taxonomy":"product_brand","embeddable":true,"href":"https:\/\/joykajewelry.com\/tr\/wp-json\/wp\/v2\/product_brand?post=20406"},{"taxonomy":"product_cat","embeddable":true,"href":"https:\/\/joykajewelry.com\/tr\/wp-json\/wp\/v2\/product_cat?post=20406"},{"taxonomy":"product_tag","embeddable":true,"href":"https:\/\/joykajewelry.com\/tr\/wp-json\/wp\/v2\/product_tag?post=20406"}],"curies":[{"name":"wp","href":"https:\/\/api.w.org\/{rel}","templated":true}]}}