{"id":20513,"date":"2023-10-24T23:38:08","date_gmt":"2023-10-24T20:38:08","guid":{"rendered":"https:\/\/joykajewelry.com\/product\/dna-emerald-diamond-marquise-bangle\/"},"modified":"2025-12-22T01:33:43","modified_gmt":"2025-12-21T22:33:43","slug":"dna-zumrut-pirlanta-markiz-kelepce","status":"publish","type":"product","link":"https:\/\/joykajewelry.com\/tr\/product\/dna-zumrut-pirlanta-markiz-kelepce\/","title":{"rendered":"DNA Z\u00fcmr\u00fct P\u0131rlanta Markiz Kelep\u00e7e"},"content":{"rendered":"<p><strong>DNA<\/strong><\/p>\n<p>Sen, bu d\u00fcnyaya sonsuz mucizeler sonucunda geldin. Bug\u00fcnk\u00fc varl\u0131\u011f\u0131n, milyonlarca ihtimalin aras\u0131ndan sadece birinin zaferi; asl\u0131nda sen bir kazanan olarak do\u011fdun. Her bir y\u00f6n\u00fcn, her bir \u00f6zelli\u011fin, ne\u015fe ve gururla ta\u015f\u0131man gereken DNA\u2019n\u0131n olu\u015fumu kadar benzersiz, ve tamamen senin.<\/p>\n<p>Z\u00fcmr\u00fct, yakut, safir ve p\u0131rlantan\u0131n farkl\u0131 formlar ve kesimlerle bir araya gelerek \u00f6z\u00fcm\u00fczdeki benzersiz bireyselli\u011fe dikkat \u00e7ekti\u011fi DNA Koleksiyonu, kendimizi ke\u015ffetmeyi hedefleyen i\u00e7sel bir yolculu\u011fu simgeliyor.<\/p>\n","protected":false},"excerpt":{"rendered":"<p>Renk : Beyaz Alt\u0131n \u2013 Rose Alt\u0131n \u2013 Sar\u0131 Alt\u0131n<\/p>\n<p>Ayar : 14k<\/p>\n<p>P\u0131rlanta : 0,25ct Markiz P\u0131rlanta, 0,20 Zumrut, 14 K Alt\u0131n<\/p>\n<p>Y\u00fcz\u00fck \u00d6l\u00e7\u00fcs\u00fc: 13-14-15-16-17-18-19cm<\/p>\n","protected":false},"featured_media":17827,"comment_status":"closed","ping_status":"closed","template":"","meta":[],"product_brand":[],"product_cat":[257,262],"product_tag":[383,407,365,409,332],"class_list":{"0":"post-20513","1":"product","2":"type-product","3":"status-publish","4":"has-post-thumbnail","6":"product_cat-bileklik","7":"product_cat-dna-koleksiyon","8":"product_tag-bangle-tr","9":"product_tag-dna-tr","10":"product_tag-emerald-tr","11":"product_tag-marquise-tr","12":"product_tag-ring-tr","14":"first","15":"instock","16":"shipping-taxable","17":"purchasable","18":"product-type-variable"},"jetpack_sharing_enabled":true,"_links":{"self":[{"href":"https:\/\/joykajewelry.com\/tr\/wp-json\/wp\/v2\/product\/20513","targetHints":{"allow":["GET"]}}],"collection":[{"href":"https:\/\/joykajewelry.com\/tr\/wp-json\/wp\/v2\/product"}],"about":[{"href":"https:\/\/joykajewelry.com\/tr\/wp-json\/wp\/v2\/types\/product"}],"replies":[{"embeddable":true,"href":"https:\/\/joykajewelry.com\/tr\/wp-json\/wp\/v2\/comments?post=20513"}],"version-history":[{"count":1,"href":"https:\/\/joykajewelry.com\/tr\/wp-json\/wp\/v2\/product\/20513\/revisions"}],"predecessor-version":[{"id":21496,"href":"https:\/\/joykajewelry.com\/tr\/wp-json\/wp\/v2\/product\/20513\/revisions\/21496"}],"wp:featuredmedia":[{"embeddable":true,"href":"https:\/\/joykajewelry.com\/tr\/wp-json\/wp\/v2\/media\/17827"}],"wp:attachment":[{"href":"https:\/\/joykajewelry.com\/tr\/wp-json\/wp\/v2\/media?parent=20513"}],"wp:term":[{"taxonomy":"product_brand","embeddable":true,"href":"https:\/\/joykajewelry.com\/tr\/wp-json\/wp\/v2\/product_brand?post=20513"},{"taxonomy":"product_cat","embeddable":true,"href":"https:\/\/joykajewelry.com\/tr\/wp-json\/wp\/v2\/product_cat?post=20513"},{"taxonomy":"product_tag","embeddable":true,"href":"https:\/\/joykajewelry.com\/tr\/wp-json\/wp\/v2\/product_tag?post=20513"}],"curies":[{"name":"wp","href":"https:\/\/api.w.org\/{rel}","templated":true}]}}