{"id":20656,"date":"2023-10-24T23:36:32","date_gmt":"2023-10-24T20:36:32","guid":{"rendered":"https:\/\/joykajewelry.com\/product\/galaxy-stars-bracelet\/"},"modified":"2025-12-22T01:36:28","modified_gmt":"2025-12-21T22:36:28","slug":"galaxy-yildizli-astar-bilezik","status":"publish","type":"product","link":"https:\/\/joykajewelry.com\/tr\/product\/galaxy-yildizli-astar-bilezik\/","title":{"rendered":"Galaxy Y\u0131ld\u0131zl\u0131 Astar Bilezik"},"content":{"rendered":"<p><strong>Galaxy<\/strong><\/p>\n<p>Hem g\u00f6ky\u00fcz\u00fcnde, hem de i\u00e7imizde var olan o kocaman evrenin sonsuzlu\u011fundan ilham alan Galaksi Koleksiyonu, galaksilerimizin ke\u015ffedilmemi\u015f b\u00f6lgelerinin bir yans\u0131mas\u0131 olarak tasarland\u0131. Koleksiyondaki her bir par\u00e7a, zihninin u\u00e7suz bucaks\u0131z evrenlerinde sonsuz say\u0131da y\u0131ld\u0131z oldu\u011fu gibi, ya\u015famda da sonsuz olas\u0131l\u0131klar oldu\u011funu hat\u0131rlatmak i\u00e7in var.<\/p>\n","protected":false},"excerpt":{"rendered":"<p>0,14ct P\u0131rlanta<\/p>\n<p>0,07ct \u015eampanya P\u0131rlanta<\/p>\n<p>14K Alt\u0131n<\/p>\n<div>Bilezik uzunlu\u011fu 16-17 cm\u2019dir.<\/div>\n<div><strong>Farkl\u0131 \u00f6l\u00e7\u00fc se\u00e7enekleri i\u00e7in l\u00fctfen ileti\u015fime ge\u00e7iniz.<\/strong><\/div>\n","protected":false},"featured_media":17755,"comment_status":"closed","ping_status":"closed","template":"","meta":[],"product_brand":[],"product_cat":[257,264],"product_tag":[357,344,331,356,422],"class_list":{"0":"post-20656","1":"product","2":"type-product","3":"status-publish","4":"has-post-thumbnail","6":"product_cat-bileklik","7":"product_cat-galaxy-koleksiyon","8":"product_tag-bracelet-tr","9":"product_tag-diamond-tr","10":"product_tag-galaxy-tr","11":"product_tag-pear-tr","12":"product_tag-star-tr","14":"first","15":"instock","16":"shipping-taxable","17":"purchasable","18":"product-type-variable"},"jetpack_sharing_enabled":true,"_links":{"self":[{"href":"https:\/\/joykajewelry.com\/tr\/wp-json\/wp\/v2\/product\/20656","targetHints":{"allow":["GET"]}}],"collection":[{"href":"https:\/\/joykajewelry.com\/tr\/wp-json\/wp\/v2\/product"}],"about":[{"href":"https:\/\/joykajewelry.com\/tr\/wp-json\/wp\/v2\/types\/product"}],"replies":[{"embeddable":true,"href":"https:\/\/joykajewelry.com\/tr\/wp-json\/wp\/v2\/comments?post=20656"}],"version-history":[{"count":1,"href":"https:\/\/joykajewelry.com\/tr\/wp-json\/wp\/v2\/product\/20656\/revisions"}],"predecessor-version":[{"id":21525,"href":"https:\/\/joykajewelry.com\/tr\/wp-json\/wp\/v2\/product\/20656\/revisions\/21525"}],"wp:featuredmedia":[{"embeddable":true,"href":"https:\/\/joykajewelry.com\/tr\/wp-json\/wp\/v2\/media\/17755"}],"wp:attachment":[{"href":"https:\/\/joykajewelry.com\/tr\/wp-json\/wp\/v2\/media?parent=20656"}],"wp:term":[{"taxonomy":"product_brand","embeddable":true,"href":"https:\/\/joykajewelry.com\/tr\/wp-json\/wp\/v2\/product_brand?post=20656"},{"taxonomy":"product_cat","embeddable":true,"href":"https:\/\/joykajewelry.com\/tr\/wp-json\/wp\/v2\/product_cat?post=20656"},{"taxonomy":"product_tag","embeddable":true,"href":"https:\/\/joykajewelry.com\/tr\/wp-json\/wp\/v2\/product_tag?post=20656"}],"curies":[{"name":"wp","href":"https:\/\/api.w.org\/{rel}","templated":true}]}}