{"id":20734,"date":"2023-10-24T23:35:46","date_gmt":"2023-10-24T20:35:46","guid":{"rendered":"https:\/\/joykajewelry.com\/?post_type=product&#038;p=20734"},"modified":"2025-12-22T01:39:47","modified_gmt":"2025-12-21T22:39:47","slug":"penelope-zumrut-ve-pirlanta-gecmeli-kupe-tek","status":"publish","type":"product","link":"https:\/\/joykajewelry.com\/tr\/product\/penelope-zumrut-ve-pirlanta-gecmeli-kupe-tek\/","title":{"rendered":"Penelope Z\u00fcmr\u00fct  Ve P\u0131rlanta Ge\u00e7meli K\u00fcpe (TEK)"},"content":{"rendered":"<p><strong>Victory<\/strong>Birbirlerinin ta\u00e7lar\u0131n\u0131 tamir eden sava\u015f\u00e7\u0131 ruhlu kad\u0131nlar i\u00e7in yarat\u0131lan Victory Koleksiyonu, gururla giyilen z\u0131rhlar\u0131 simgeleyen tasar\u0131mlar\u0131yla d\u00fcnyan\u0131n d\u00f6rt bir yan\u0131ndaki kad\u0131nlara her zaman kar\u015f\u0131l\u0131k vermelerini, dimdik durmalar\u0131n\u0131 ve kad\u0131nl\u0131klar\u0131n\u0131n g\u00fcc\u00fcn\u00fc kucaklamalar\u0131n\u0131 hat\u0131rlat\u0131yor.<\/p>\n","protected":false},"excerpt":{"rendered":"<p>0,12 ct P\u0131rlanta0,19ct Z\u00fcmr\u00fct<\/p>\n","protected":false},"featured_media":17709,"comment_status":"closed","ping_status":"closed","template":"","meta":[],"product_brand":[],"product_cat":[258,268],"product_tag":[344,354,365,378],"class_list":{"0":"post-20734","1":"product","2":"type-product","3":"status-publish","4":"has-post-thumbnail","6":"product_cat-kupe","7":"product_cat-victory-koleksiyon","8":"product_tag-diamond-tr","9":"product_tag-earring-tr","10":"product_tag-emerald-tr","11":"product_tag-only-tr","13":"first","14":"instock","15":"shipping-taxable","16":"purchasable","17":"product-type-variable"},"jetpack_sharing_enabled":true,"_links":{"self":[{"href":"https:\/\/joykajewelry.com\/tr\/wp-json\/wp\/v2\/product\/20734","targetHints":{"allow":["GET"]}}],"collection":[{"href":"https:\/\/joykajewelry.com\/tr\/wp-json\/wp\/v2\/product"}],"about":[{"href":"https:\/\/joykajewelry.com\/tr\/wp-json\/wp\/v2\/types\/product"}],"replies":[{"embeddable":true,"href":"https:\/\/joykajewelry.com\/tr\/wp-json\/wp\/v2\/comments?post=20734"}],"version-history":[{"count":1,"href":"https:\/\/joykajewelry.com\/tr\/wp-json\/wp\/v2\/product\/20734\/revisions"}],"predecessor-version":[{"id":20738,"href":"https:\/\/joykajewelry.com\/tr\/wp-json\/wp\/v2\/product\/20734\/revisions\/20738"}],"wp:featuredmedia":[{"embeddable":true,"href":"https:\/\/joykajewelry.com\/tr\/wp-json\/wp\/v2\/media\/17709"}],"wp:attachment":[{"href":"https:\/\/joykajewelry.com\/tr\/wp-json\/wp\/v2\/media?parent=20734"}],"wp:term":[{"taxonomy":"product_brand","embeddable":true,"href":"https:\/\/joykajewelry.com\/tr\/wp-json\/wp\/v2\/product_brand?post=20734"},{"taxonomy":"product_cat","embeddable":true,"href":"https:\/\/joykajewelry.com\/tr\/wp-json\/wp\/v2\/product_cat?post=20734"},{"taxonomy":"product_tag","embeddable":true,"href":"https:\/\/joykajewelry.com\/tr\/wp-json\/wp\/v2\/product_tag?post=20734"}],"curies":[{"name":"wp","href":"https:\/\/api.w.org\/{rel}","templated":true}]}}