{"id":20814,"date":"2023-10-24T23:34:34","date_gmt":"2023-10-24T20:34:34","guid":{"rendered":"https:\/\/joykajewelry.com\/?post_type=product&#038;p=20814"},"modified":"2025-12-22T01:39:13","modified_gmt":"2025-12-21T22:39:13","slug":"pedra-octagon-safir-pirlanta-bilezik","status":"publish","type":"product","link":"https:\/\/joykajewelry.com\/tr\/product\/pedra-octagon-safir-pirlanta-bilezik\/","title":{"rendered":"Pedra Octagon Saf\u0131r P\u0131rlanta Bilezik"},"content":{"rendered":"<p><strong>Victory<\/strong><\/p>\n<p>Birbirlerinin ta\u00e7lar\u0131n\u0131 tamir eden sava\u015f\u00e7\u0131 ruhlu kad\u0131nlar i\u00e7in yarat\u0131lan Victory Koleksiyonu, gururla giyilen z\u0131rhlar\u0131 simgeleyen tasar\u0131mlar\u0131yla d\u00fcnyan\u0131n d\u00f6rt bir yan\u0131ndaki kad\u0131nlara her zaman kar\u015f\u0131l\u0131k vermelerini, dimdik durmalar\u0131n\u0131 ve kad\u0131nl\u0131klar\u0131n\u0131n g\u00fcc\u00fcn\u00fc kucaklamalar\u0131n\u0131 hat\u0131rlat\u0131yor.<\/p>\n","protected":false},"excerpt":{"rendered":"<p>0,65 ct P\u0131rlanta1ct Octagon Safir14K Alt\u0131n<span data-sheets-value=\"\" data-sheets-userformat=\"\">Zincir uzunlu\u011fu 15- 17 cm<\/span><span data-sheets-value=\"\" data-sheets-userformat=\"\">Farkl\u0131 \u00f6l\u00e7\u00fc se\u00e7enekleri i\u00e7in l\u00fctfen ileti\u015fime ge\u00e7iniz.<\/span><\/p>\n","protected":false},"featured_media":17659,"comment_status":"closed","ping_status":"closed","template":"","meta":[],"product_brand":[],"product_cat":[257,273,269,268],"product_tag":[357,344],"class_list":{"0":"post-20814","1":"product","2":"type-product","3":"status-publish","4":"has-post-thumbnail","6":"product_cat-bileklik","7":"product_cat-provocateur-tr","8":"product_cat-styles-tr","9":"product_cat-victory-koleksiyon","10":"product_tag-bracelet-tr","11":"product_tag-diamond-tr","13":"first","14":"instock","15":"shipping-taxable","16":"purchasable","17":"product-type-variable"},"jetpack_sharing_enabled":true,"_links":{"self":[{"href":"https:\/\/joykajewelry.com\/tr\/wp-json\/wp\/v2\/product\/20814","targetHints":{"allow":["GET"]}}],"collection":[{"href":"https:\/\/joykajewelry.com\/tr\/wp-json\/wp\/v2\/product"}],"about":[{"href":"https:\/\/joykajewelry.com\/tr\/wp-json\/wp\/v2\/types\/product"}],"replies":[{"embeddable":true,"href":"https:\/\/joykajewelry.com\/tr\/wp-json\/wp\/v2\/comments?post=20814"}],"version-history":[{"count":2,"href":"https:\/\/joykajewelry.com\/tr\/wp-json\/wp\/v2\/product\/20814\/revisions"}],"predecessor-version":[{"id":23650,"href":"https:\/\/joykajewelry.com\/tr\/wp-json\/wp\/v2\/product\/20814\/revisions\/23650"}],"wp:featuredmedia":[{"embeddable":true,"href":"https:\/\/joykajewelry.com\/tr\/wp-json\/wp\/v2\/media\/17659"}],"wp:attachment":[{"href":"https:\/\/joykajewelry.com\/tr\/wp-json\/wp\/v2\/media?parent=20814"}],"wp:term":[{"taxonomy":"product_brand","embeddable":true,"href":"https:\/\/joykajewelry.com\/tr\/wp-json\/wp\/v2\/product_brand?post=20814"},{"taxonomy":"product_cat","embeddable":true,"href":"https:\/\/joykajewelry.com\/tr\/wp-json\/wp\/v2\/product_cat?post=20814"},{"taxonomy":"product_tag","embeddable":true,"href":"https:\/\/joykajewelry.com\/tr\/wp-json\/wp\/v2\/product_tag?post=20814"}],"curies":[{"name":"wp","href":"https:\/\/api.w.org\/{rel}","templated":true}]}}