{"id":20816,"date":"2023-10-24T23:34:11","date_gmt":"2023-10-24T20:34:11","guid":{"rendered":"https:\/\/joykajewelry.com\/?post_type=product&#038;p=20816"},"modified":"2025-12-22T01:39:35","modified_gmt":"2025-12-21T22:39:35","slug":"penelope-siyah-sampanya-pirlantali-mini-yuzuk","status":"publish","type":"product","link":"https:\/\/joykajewelry.com\/tr\/product\/penelope-siyah-sampanya-pirlantali-mini-yuzuk\/","title":{"rendered":"Penelope Siyah \u015eampanya P\u0131rlantal\u0131 Mini Y\u00fcz\u00fck"},"content":{"rendered":"","protected":false},"excerpt":{"rendered":"<p><span data-sheets-value=\"\" data-sheets-userformat=\"\">0,13 ct Siyah P\u0131rlanta<\/span><span data-sheets-value=\"\" data-sheets-userformat=\"\"> 0,06ct \u015eampanya P\u0131rlanta<\/span><span data-sheets-value=\"\" data-sheets-userformat=\"\"> 14 K Alt\u0131n<\/span><\/p>\n","protected":false},"featured_media":17648,"comment_status":"closed","ping_status":"closed","template":"","meta":[],"product_brand":[],"product_cat":[268,260],"product_tag":[344,355,332],"class_list":{"0":"post-20816","1":"product","2":"type-product","3":"status-publish","4":"has-post-thumbnail","6":"product_cat-victory-koleksiyon","7":"product_cat-yuzuk","8":"product_tag-diamond-tr","9":"product_tag-mini-tr","10":"product_tag-ring-tr","12":"first","13":"instock","14":"shipping-taxable","15":"purchasable","16":"product-type-variable"},"jetpack_sharing_enabled":true,"_links":{"self":[{"href":"https:\/\/joykajewelry.com\/tr\/wp-json\/wp\/v2\/product\/20816","targetHints":{"allow":["GET"]}}],"collection":[{"href":"https:\/\/joykajewelry.com\/tr\/wp-json\/wp\/v2\/product"}],"about":[{"href":"https:\/\/joykajewelry.com\/tr\/wp-json\/wp\/v2\/types\/product"}],"replies":[{"embeddable":true,"href":"https:\/\/joykajewelry.com\/tr\/wp-json\/wp\/v2\/comments?post=20816"}],"version-history":[{"count":1,"href":"https:\/\/joykajewelry.com\/tr\/wp-json\/wp\/v2\/product\/20816\/revisions"}],"predecessor-version":[{"id":20824,"href":"https:\/\/joykajewelry.com\/tr\/wp-json\/wp\/v2\/product\/20816\/revisions\/20824"}],"wp:featuredmedia":[{"embeddable":true,"href":"https:\/\/joykajewelry.com\/tr\/wp-json\/wp\/v2\/media\/17648"}],"wp:attachment":[{"href":"https:\/\/joykajewelry.com\/tr\/wp-json\/wp\/v2\/media?parent=20816"}],"wp:term":[{"taxonomy":"product_brand","embeddable":true,"href":"https:\/\/joykajewelry.com\/tr\/wp-json\/wp\/v2\/product_brand?post=20816"},{"taxonomy":"product_cat","embeddable":true,"href":"https:\/\/joykajewelry.com\/tr\/wp-json\/wp\/v2\/product_cat?post=20816"},{"taxonomy":"product_tag","embeddable":true,"href":"https:\/\/joykajewelry.com\/tr\/wp-json\/wp\/v2\/product_tag?post=20816"}],"curies":[{"name":"wp","href":"https:\/\/api.w.org\/{rel}","templated":true}]}}