{"id":20830,"date":"2023-10-24T23:34:11","date_gmt":"2023-10-24T20:34:11","guid":{"rendered":"https:\/\/joykajewelry.com\/?post_type=product&#038;p=20830"},"modified":"2025-12-22T01:39:37","modified_gmt":"2025-12-21T22:39:37","slug":"penelope-sira-pirlanta-kunye-zincir-kolye","status":"publish","type":"product","link":"https:\/\/joykajewelry.com\/tr\/product\/penelope-sira-pirlanta-kunye-zincir-kolye\/","title":{"rendered":"Penelope S\u0131ra P\u0131rlanta K\u00fcnye Zincir Kolye"},"content":{"rendered":"<p><strong>Victory<\/strong><\/p>\n<p>Birbirlerinin ta\u00e7lar\u0131n\u0131 tamir eden sava\u015f\u00e7\u0131 ruhlu kad\u0131nlar i\u00e7in yarat\u0131lan Victory Koleksiyonu, gururla giyilen z\u0131rhlar\u0131 simgeleyen tasar\u0131mlar\u0131yla d\u00fcnyan\u0131n d\u00f6rt bir yan\u0131ndaki kad\u0131nlara her zaman kar\u015f\u0131l\u0131k vermelerini, dimdik durmalar\u0131n\u0131 ve kad\u0131nl\u0131klar\u0131n\u0131n g\u00fcc\u00fcn\u00fc kucaklamalar\u0131n\u0131 hat\u0131rlat\u0131yor.<\/p>\n","protected":false},"excerpt":{"rendered":"<p>3,09 ct P\u0131rlanta14 K Alt\u0131nZincir : 40cm<\/p>\n","protected":false},"featured_media":17651,"comment_status":"closed","ping_status":"closed","template":"","meta":[],"product_brand":[],"product_cat":[259,268],"product_tag":[344,346],"class_list":{"0":"post-20830","1":"product","2":"type-product","3":"status-publish","4":"has-post-thumbnail","6":"product_cat-kolye","7":"product_cat-victory-koleksiyon","8":"product_tag-diamond-tr","9":"product_tag-necklace-tr","11":"first","12":"instock","13":"shipping-taxable","14":"purchasable","15":"product-type-variable"},"jetpack_sharing_enabled":true,"_links":{"self":[{"href":"https:\/\/joykajewelry.com\/tr\/wp-json\/wp\/v2\/product\/20830","targetHints":{"allow":["GET"]}}],"collection":[{"href":"https:\/\/joykajewelry.com\/tr\/wp-json\/wp\/v2\/product"}],"about":[{"href":"https:\/\/joykajewelry.com\/tr\/wp-json\/wp\/v2\/types\/product"}],"replies":[{"embeddable":true,"href":"https:\/\/joykajewelry.com\/tr\/wp-json\/wp\/v2\/comments?post=20830"}],"version-history":[{"count":2,"href":"https:\/\/joykajewelry.com\/tr\/wp-json\/wp\/v2\/product\/20830\/revisions"}],"predecessor-version":[{"id":23657,"href":"https:\/\/joykajewelry.com\/tr\/wp-json\/wp\/v2\/product\/20830\/revisions\/23657"}],"wp:featuredmedia":[{"embeddable":true,"href":"https:\/\/joykajewelry.com\/tr\/wp-json\/wp\/v2\/media\/17651"}],"wp:attachment":[{"href":"https:\/\/joykajewelry.com\/tr\/wp-json\/wp\/v2\/media?parent=20830"}],"wp:term":[{"taxonomy":"product_brand","embeddable":true,"href":"https:\/\/joykajewelry.com\/tr\/wp-json\/wp\/v2\/product_brand?post=20830"},{"taxonomy":"product_cat","embeddable":true,"href":"https:\/\/joykajewelry.com\/tr\/wp-json\/wp\/v2\/product_cat?post=20830"},{"taxonomy":"product_tag","embeddable":true,"href":"https:\/\/joykajewelry.com\/tr\/wp-json\/wp\/v2\/product_tag?post=20830"}],"curies":[{"name":"wp","href":"https:\/\/api.w.org\/{rel}","templated":true}]}}