{"id":20924,"date":"2023-10-24T23:33:22","date_gmt":"2023-10-24T20:33:22","guid":{"rendered":"https:\/\/joykajewelry.com\/?post_type=product&#038;p=20924"},"modified":"2025-12-22T01:37:10","modified_gmt":"2025-12-21T22:37:10","slug":"gipsy-kucuk-harf-kolye","status":"publish","type":"product","link":"https:\/\/joykajewelry.com\/tr\/product\/gipsy-kucuk-harf-kolye\/","title":{"rendered":"Gipsy K\u00fc\u00e7\u00fck Harf Kolye"},"content":{"rendered":"<p><strong>Gipsy<\/strong>Biz kad\u0131nlar, bir \u00e7ingenenin ruhuyla do\u011far, kalbimizde her zaman birer gezgin olarak b\u00fcy\u00fcr\u00fcz. S\u0131n\u0131rlar\u0131 a\u015far\u0131z, daha \u00f6nce y\u00fcr\u00fcnmemi\u015f yollarda y\u00fcr\u00fcr\u00fcz, do\u011fayla, d\u00fcnyayla bir olmak isteriz. \u00d6zg\u00fcr ve macerac\u0131 bir ruh halini simgeleyen Gypsy Koleksiyonu, t\u00fcm kad\u0131nlar\u0131n i\u00e7indeki gezgin ruhu uyand\u0131r\u0131yor ve onlara bazen, arad\u0131\u011f\u0131m\u0131z\u0131 bulmak i\u00e7in yolumuzu kaybetmemiz gerekti\u011fini hat\u0131rlat\u0131yor.<\/p>\n","protected":false},"excerpt":{"rendered":"<div class=\"woocommerce-tabs wc-tabs-wrapper container tabbed-content\">\n<div class=\"tab-panels\">\n<div id=\"tab-description\" class=\"woocommerce-Tabs-panel woocommerce-Tabs-panel--description panel entry-content active\" role=\"tabpanel\" aria-labelledby=\"tab-title-description\">0,06 ct P\u0131rlanta14K Alt\u0131nZincir uzunlu\u011fu 40-45 cmFarkl\u0131 \u00f6l\u00e7\u00fc se\u00e7enekleri i\u00e7in l\u00fctfen ileti\u015fime ge\u00e7iniz.<\/div>\n<\/div>\n<\/div>\n","protected":false},"featured_media":22402,"comment_status":"closed","ping_status":"closed","template":"","meta":[],"product_brand":[],"product_cat":[265,259,271,269],"product_tag":[344,425,346],"class_list":{"0":"post-20924","1":"product","2":"type-product","3":"status-publish","4":"has-post-thumbnail","6":"product_cat-gipsy-koleksiyon","7":"product_cat-kolye","8":"product_cat-memento-tr","9":"product_cat-styles-tr","10":"product_tag-diamond-tr","11":"product_tag-gipsy-tr","12":"product_tag-necklace-tr","14":"first","15":"instock","16":"purchasable","17":"product-type-variable"},"jetpack_sharing_enabled":true,"_links":{"self":[{"href":"https:\/\/joykajewelry.com\/tr\/wp-json\/wp\/v2\/product\/20924","targetHints":{"allow":["GET"]}}],"collection":[{"href":"https:\/\/joykajewelry.com\/tr\/wp-json\/wp\/v2\/product"}],"about":[{"href":"https:\/\/joykajewelry.com\/tr\/wp-json\/wp\/v2\/types\/product"}],"replies":[{"embeddable":true,"href":"https:\/\/joykajewelry.com\/tr\/wp-json\/wp\/v2\/comments?post=20924"}],"version-history":[{"count":4,"href":"https:\/\/joykajewelry.com\/tr\/wp-json\/wp\/v2\/product\/20924\/revisions"}],"predecessor-version":[{"id":23661,"href":"https:\/\/joykajewelry.com\/tr\/wp-json\/wp\/v2\/product\/20924\/revisions\/23661"}],"wp:featuredmedia":[{"embeddable":true,"href":"https:\/\/joykajewelry.com\/tr\/wp-json\/wp\/v2\/media\/22402"}],"wp:attachment":[{"href":"https:\/\/joykajewelry.com\/tr\/wp-json\/wp\/v2\/media?parent=20924"}],"wp:term":[{"taxonomy":"product_brand","embeddable":true,"href":"https:\/\/joykajewelry.com\/tr\/wp-json\/wp\/v2\/product_brand?post=20924"},{"taxonomy":"product_cat","embeddable":true,"href":"https:\/\/joykajewelry.com\/tr\/wp-json\/wp\/v2\/product_cat?post=20924"},{"taxonomy":"product_tag","embeddable":true,"href":"https:\/\/joykajewelry.com\/tr\/wp-json\/wp\/v2\/product_tag?post=20924"}],"curies":[{"name":"wp","href":"https:\/\/api.w.org\/{rel}","templated":true}]}}