{"id":22215,"date":"2023-12-07T15:00:01","date_gmt":"2023-12-07T12:00:01","guid":{"rendered":"https:\/\/joykajewelry.com\/product\/flux-zumrut-kelebek-yuzuk\/"},"modified":"2025-12-22T01:35:29","modified_gmt":"2025-12-21T22:35:29","slug":"flux-zumrut-kelebek-yuzuk","status":"publish","type":"product","link":"https:\/\/joykajewelry.com\/tr\/product\/flux-zumrut-kelebek-yuzuk\/","title":{"rendered":"Flux Z\u00fcmr\u00fct Kelebek Y\u00fcz\u00fck"},"content":{"rendered":"<p>D: 0,08ct  R:0,35 ct Z\u00fcmr\u00fct  14K <\/p>\n","protected":false},"excerpt":{"rendered":"<p>D: 0,08ct R:0,35 ct Z\u00fcmr\u00fct 14K<\/p>\n","protected":false},"featured_media":22213,"comment_status":"open","ping_status":"closed","template":"","meta":[],"product_brand":[],"product_cat":[263,256,261,260],"product_tag":[],"class_list":{"0":"post-22215","1":"product","2":"type-product","3":"status-publish","4":"has-post-thumbnail","6":"product_cat-flux-koleksiyon","7":"product_cat-kategoriler","8":"product_cat-koleksiyon","9":"product_cat-yuzuk","11":"first","12":"instock","13":"shipping-taxable","14":"purchasable","15":"product-type-variable"},"jetpack_sharing_enabled":true,"_links":{"self":[{"href":"https:\/\/joykajewelry.com\/tr\/wp-json\/wp\/v2\/product\/22215","targetHints":{"allow":["GET"]}}],"collection":[{"href":"https:\/\/joykajewelry.com\/tr\/wp-json\/wp\/v2\/product"}],"about":[{"href":"https:\/\/joykajewelry.com\/tr\/wp-json\/wp\/v2\/types\/product"}],"replies":[{"embeddable":true,"href":"https:\/\/joykajewelry.com\/tr\/wp-json\/wp\/v2\/comments?post=22215"}],"version-history":[{"count":0,"href":"https:\/\/joykajewelry.com\/tr\/wp-json\/wp\/v2\/product\/22215\/revisions"}],"wp:featuredmedia":[{"embeddable":true,"href":"https:\/\/joykajewelry.com\/tr\/wp-json\/wp\/v2\/media\/22213"}],"wp:attachment":[{"href":"https:\/\/joykajewelry.com\/tr\/wp-json\/wp\/v2\/media?parent=22215"}],"wp:term":[{"taxonomy":"product_brand","embeddable":true,"href":"https:\/\/joykajewelry.com\/tr\/wp-json\/wp\/v2\/product_brand?post=22215"},{"taxonomy":"product_cat","embeddable":true,"href":"https:\/\/joykajewelry.com\/tr\/wp-json\/wp\/v2\/product_cat?post=22215"},{"taxonomy":"product_tag","embeddable":true,"href":"https:\/\/joykajewelry.com\/tr\/wp-json\/wp\/v2\/product_tag?post=22215"}],"curies":[{"name":"wp","href":"https:\/\/api.w.org\/{rel}","templated":true}]}}