{"id":22375,"date":"2023-12-13T23:19:48","date_gmt":"2023-12-13T20:19:48","guid":{"rendered":"https:\/\/joykajewelry.com\/?post_type=product&#038;p=22375"},"modified":"2025-12-22T01:36:42","modified_gmt":"2025-12-21T22:36:42","slug":"gipsy-kalin-zincir-kucuk-harf-kolye","status":"publish","type":"product","link":"https:\/\/joykajewelry.com\/tr\/product\/gipsy-kalin-zincir-kucuk-harf-kolye\/","title":{"rendered":"Gipsy Kal\u0131n Zincir K\u00fc\u00e7\u00fck Harf Kolye"},"content":{"rendered":"<p>0,06 ct P\u0131rlanta  14K Alt\u0131n <\/p>\n","protected":false},"excerpt":{"rendered":"<p>0,06 ct P\u0131rlanta 14K Alt\u0131n<\/p>\n","protected":false},"featured_media":22426,"comment_status":"open","ping_status":"closed","template":"","meta":[],"product_brand":[],"product_cat":[265,259],"product_tag":[],"class_list":{"0":"post-22375","1":"product","2":"type-product","3":"status-publish","4":"has-post-thumbnail","6":"product_cat-gipsy-koleksiyon","7":"product_cat-kolye","9":"first","10":"instock","11":"shipping-taxable","12":"purchasable","13":"product-type-variable"},"jetpack_sharing_enabled":true,"_links":{"self":[{"href":"https:\/\/joykajewelry.com\/tr\/wp-json\/wp\/v2\/product\/22375","targetHints":{"allow":["GET"]}}],"collection":[{"href":"https:\/\/joykajewelry.com\/tr\/wp-json\/wp\/v2\/product"}],"about":[{"href":"https:\/\/joykajewelry.com\/tr\/wp-json\/wp\/v2\/types\/product"}],"replies":[{"embeddable":true,"href":"https:\/\/joykajewelry.com\/tr\/wp-json\/wp\/v2\/comments?post=22375"}],"version-history":[{"count":2,"href":"https:\/\/joykajewelry.com\/tr\/wp-json\/wp\/v2\/product\/22375\/revisions"}],"predecessor-version":[{"id":22433,"href":"https:\/\/joykajewelry.com\/tr\/wp-json\/wp\/v2\/product\/22375\/revisions\/22433"}],"wp:featuredmedia":[{"embeddable":true,"href":"https:\/\/joykajewelry.com\/tr\/wp-json\/wp\/v2\/media\/22426"}],"wp:attachment":[{"href":"https:\/\/joykajewelry.com\/tr\/wp-json\/wp\/v2\/media?parent=22375"}],"wp:term":[{"taxonomy":"product_brand","embeddable":true,"href":"https:\/\/joykajewelry.com\/tr\/wp-json\/wp\/v2\/product_brand?post=22375"},{"taxonomy":"product_cat","embeddable":true,"href":"https:\/\/joykajewelry.com\/tr\/wp-json\/wp\/v2\/product_cat?post=22375"},{"taxonomy":"product_tag","embeddable":true,"href":"https:\/\/joykajewelry.com\/tr\/wp-json\/wp\/v2\/product_tag?post=22375"}],"curies":[{"name":"wp","href":"https:\/\/api.w.org\/{rel}","templated":true}]}}