{"id":23114,"date":"2024-02-09T01:02:04","date_gmt":"2024-02-08T22:02:04","guid":{"rendered":"https:\/\/joykajewelry.com\/product\/alev-pirlantali-yuzuk\/"},"modified":"2025-12-22T01:32:19","modified_gmt":"2025-12-21T22:32:19","slug":"alev-pirlantali-yuzuk","status":"publish","type":"product","link":"https:\/\/joykajewelry.com\/tr\/product\/alev-pirlantali-yuzuk\/","title":{"rendered":"Alev P\u0131rlantal\u0131 Y\u00fcz\u00fck"},"content":{"rendered":"","protected":false},"excerpt":{"rendered":"","protected":false},"featured_media":23112,"comment_status":"open","ping_status":"closed","template":"","meta":[],"product_brand":[],"product_cat":[256,261,488,260],"product_tag":[489,332],"class_list":{"0":"post-23114","1":"product","2":"type-product","3":"status-publish","4":"has-post-thumbnail","6":"product_cat-kategoriler","7":"product_cat-koleksiyon","8":"product_cat-lage-dor-tr","9":"product_cat-yuzuk","10":"product_tag-lage-dor-tr","11":"product_tag-ring-tr","13":"first","14":"instock","15":"shipping-taxable","16":"purchasable","17":"product-type-variable"},"jetpack_sharing_enabled":true,"_links":{"self":[{"href":"https:\/\/joykajewelry.com\/tr\/wp-json\/wp\/v2\/product\/23114","targetHints":{"allow":["GET"]}}],"collection":[{"href":"https:\/\/joykajewelry.com\/tr\/wp-json\/wp\/v2\/product"}],"about":[{"href":"https:\/\/joykajewelry.com\/tr\/wp-json\/wp\/v2\/types\/product"}],"replies":[{"embeddable":true,"href":"https:\/\/joykajewelry.com\/tr\/wp-json\/wp\/v2\/comments?post=23114"}],"version-history":[{"count":1,"href":"https:\/\/joykajewelry.com\/tr\/wp-json\/wp\/v2\/product\/23114\/revisions"}],"predecessor-version":[{"id":23375,"href":"https:\/\/joykajewelry.com\/tr\/wp-json\/wp\/v2\/product\/23114\/revisions\/23375"}],"wp:featuredmedia":[{"embeddable":true,"href":"https:\/\/joykajewelry.com\/tr\/wp-json\/wp\/v2\/media\/23112"}],"wp:attachment":[{"href":"https:\/\/joykajewelry.com\/tr\/wp-json\/wp\/v2\/media?parent=23114"}],"wp:term":[{"taxonomy":"product_brand","embeddable":true,"href":"https:\/\/joykajewelry.com\/tr\/wp-json\/wp\/v2\/product_brand?post=23114"},{"taxonomy":"product_cat","embeddable":true,"href":"https:\/\/joykajewelry.com\/tr\/wp-json\/wp\/v2\/product_cat?post=23114"},{"taxonomy":"product_tag","embeddable":true,"href":"https:\/\/joykajewelry.com\/tr\/wp-json\/wp\/v2\/product_tag?post=23114"}],"curies":[{"name":"wp","href":"https:\/\/api.w.org\/{rel}","templated":true}]}}