{"id":23230,"date":"2024-02-09T14:48:11","date_gmt":"2024-02-09T11:48:11","guid":{"rendered":"https:\/\/joykajewelry.com\/?post_type=product&#038;p=23230"},"modified":"2025-12-22T01:38:30","modified_gmt":"2025-12-21T22:38:30","slug":"kucuk-alev-zincir-kolye-kopya","status":"publish","type":"product","link":"https:\/\/joykajewelry.com\/tr\/product\/kucuk-alev-zincir-kolye-kopya\/","title":{"rendered":"K\u00fc\u00e7\u00fck Alev Kolye"},"content":{"rendered":"","protected":false},"excerpt":{"rendered":"","protected":false},"featured_media":23233,"comment_status":"open","ping_status":"closed","template":"","meta":[],"product_brand":[],"product_cat":[256,261,259,488],"product_tag":[489,332],"class_list":{"0":"post-23230","1":"product","2":"type-product","3":"status-publish","4":"has-post-thumbnail","6":"product_cat-kategoriler","7":"product_cat-koleksiyon","8":"product_cat-kolye","9":"product_cat-lage-dor-tr","10":"product_tag-lage-dor-tr","11":"product_tag-ring-tr","13":"first","14":"instock","15":"shipping-taxable","16":"purchasable","17":"product-type-variable"},"jetpack_sharing_enabled":true,"_links":{"self":[{"href":"https:\/\/joykajewelry.com\/tr\/wp-json\/wp\/v2\/product\/23230","targetHints":{"allow":["GET"]}}],"collection":[{"href":"https:\/\/joykajewelry.com\/tr\/wp-json\/wp\/v2\/product"}],"about":[{"href":"https:\/\/joykajewelry.com\/tr\/wp-json\/wp\/v2\/types\/product"}],"replies":[{"embeddable":true,"href":"https:\/\/joykajewelry.com\/tr\/wp-json\/wp\/v2\/comments?post=23230"}],"version-history":[{"count":1,"href":"https:\/\/joykajewelry.com\/tr\/wp-json\/wp\/v2\/product\/23230\/revisions"}],"predecessor-version":[{"id":23236,"href":"https:\/\/joykajewelry.com\/tr\/wp-json\/wp\/v2\/product\/23230\/revisions\/23236"}],"wp:featuredmedia":[{"embeddable":true,"href":"https:\/\/joykajewelry.com\/tr\/wp-json\/wp\/v2\/media\/23233"}],"wp:attachment":[{"href":"https:\/\/joykajewelry.com\/tr\/wp-json\/wp\/v2\/media?parent=23230"}],"wp:term":[{"taxonomy":"product_brand","embeddable":true,"href":"https:\/\/joykajewelry.com\/tr\/wp-json\/wp\/v2\/product_brand?post=23230"},{"taxonomy":"product_cat","embeddable":true,"href":"https:\/\/joykajewelry.com\/tr\/wp-json\/wp\/v2\/product_cat?post=23230"},{"taxonomy":"product_tag","embeddable":true,"href":"https:\/\/joykajewelry.com\/tr\/wp-json\/wp\/v2\/product_tag?post=23230"}],"curies":[{"name":"wp","href":"https:\/\/api.w.org\/{rel}","templated":true}]}}